{"id":53044,"date":"2025-01-10T11:41:15","date_gmt":"2025-01-10T11:41:15","guid":{"rendered":"https:\/\/murter.riot.hr\/?post_type=product&#038;p=53044"},"modified":"2025-05-01T19:15:46","modified_gmt":"2025-05-01T18:15:46","slug":"apartment-pokoj-murter-a6-id-307","status":"publish","type":"product","link":"https:\/\/murter-online.com\/pl\/produkt\/apartment-pokoj-murter-a6-id-307\/","title":{"rendered":"Apartament wakacyjny dla rodziny Greenpeace Murter A6 ID 307"},"content":{"rendered":"","protected":false},"excerpt":{"rendered":"<p>Nowo wyremontowany iw pe\u0142ni wyposa\u017cony apartament dla max. 6 os\u00f3b znajduje si\u0119 w spokojnej okolicy w Murter. Mieszkanie znajduje si\u0119 oko\u0142o 250 metr\u00f3w od centrum Murter. Najbli\u017csza pla\u017ca to pla\u017ca Zdra\u010de w Betinie, odpowiednia dla dzieci i os\u00f3b starszych. Mieszkanie posiada 2 sypialnie, w kt\u00f3rych mo\u017ce nocowa\u0107 6 os\u00f3b doros\u0142ych. Mieszkanie ma dwa pi\u0119tra, na pierwszym pi\u0119trze znajduje si\u0119 kuchnia z jadalni\u0105 i salonem, \u0142azienka oraz jedna sypialnia, na drugim pi\u0119trze znajduje si\u0119 du\u017cy, klimatyzowany pok\u00f3j na poddaszu z dwoma podw\u00f3jnymi \u0142\u00f3\u017ckami . W apartamencie znajduje si\u0119 telewizor, bezp\u0142atny internet WiFi, kuchenka mikrofalowa, czajnik, pralka. Przed domem znajduje si\u0119 bezp\u0142atny parking dla go\u015bci. Do dyspozycji jest pi\u0119kny teren zewn\u0119trzny (na podw\u00f3rzu) z grillem i meblami ogrodowymi, z kt\u00f3rych mo\u017cna korzysta\u0107 bezp\u0142atnie. Z tarasu tego apartamentu roztacza si\u0119 pi\u0119kny widok na ko\u015bci\u00f3\u0142 \u015bw. Roka i pole Murter-Betina.<\/p>\n","protected":false},"featured_media":42952,"template":"","meta":{"_acf_changed":false},"product_brand":[],"product_cat":[153,131],"product_tag":[],"class_list":{"0":"post-53044","1":"product","2":"type-product","3":"status-publish","4":"has-post-thumbnail","6":"product_cat-apartamenty-dla-rodzin","7":"product_cat-apartamenty","9":"first","10":"instock","11":"sold-individually","12":"shipping-taxable","13":"purchasable","14":"product-type-phive_booking"},"acf":[],"_links":{"self":[{"href":"https:\/\/murter-online.com\/pl\/wp-json\/wp\/v2\/product\/53044","targetHints":{"allow":["GET"]}}],"collection":[{"href":"https:\/\/murter-online.com\/pl\/wp-json\/wp\/v2\/product"}],"about":[{"href":"https:\/\/murter-online.com\/pl\/wp-json\/wp\/v2\/types\/product"}],"wp:featuredmedia":[{"embeddable":true,"href":"https:\/\/murter-online.com\/pl\/wp-json\/wp\/v2\/media\/42952"}],"wp:attachment":[{"href":"https:\/\/murter-online.com\/pl\/wp-json\/wp\/v2\/media?parent=53044"}],"wp:term":[{"taxonomy":"product_brand","embeddable":true,"href":"https:\/\/murter-online.com\/pl\/wp-json\/wp\/v2\/product_brand?post=53044"},{"taxonomy":"product_cat","embeddable":true,"href":"https:\/\/murter-online.com\/pl\/wp-json\/wp\/v2\/product_cat?post=53044"},{"taxonomy":"product_tag","embeddable":true,"href":"https:\/\/murter-online.com\/pl\/wp-json\/wp\/v2\/product_tag?post=53044"}],"curies":[{"name":"wp","href":"https:\/\/api.w.org\/{rel}","templated":true}]}}