{"id":53054,"date":"2025-01-10T13:29:11","date_gmt":"2025-01-10T13:29:11","guid":{"rendered":"https:\/\/murter.riot.hr\/?post_type=product&#038;p=53054"},"modified":"2025-04-17T08:19:26","modified_gmt":"2025-04-17T07:19:26","slug":"dom-petra-marine-view-apartament-perla-a42-id-90","status":"publish","type":"product","link":"https:\/\/murter-online.com\/pl\/produkt\/dom-petra-marine-view-apartament-perla-a42-id-90\/","title":{"rendered":"Apartament wakacyjny z widokiem na morze Perla Murter A4+2 ID 90"},"content":{"rendered":"","protected":false},"excerpt":{"rendered":"<p>Mieszkanie zlokalizowane jest w pobli\u017cu przystani Murter &#8211; Hramine. Blisko centrum miasta Murter, do kt\u00f3rego mo\u017cna dotrze\u0107 w zaledwie kilka minut. Pierwsza lokalna pla\u017ca znajduje si\u0119 180 metr\u00f3w dalej (pla\u017ca miejska). Blisko lokalnych stacji benzynowych, supermarket\u00f3w, restauracji i kawiarni. Mieszkanie posiada balkon i widok na morze. Mieszkanie jest wyposa\u017cone w sprz\u0119t AGD, WiFi oraz TV SAT. Po\u015bciel, r\u0119czniki i ko\u0144cowe sprz\u0105tanie s\u0105 wliczone w cen\u0119. Istnieje mo\u017cliwo\u015b\u0107 wynaj\u0119cia apartamentu tylko z jedn\u0105 sypialni\u0105 dla dwojga doros\u0142ych + dw\u00f3jki dzieci, cena w tym przypadku wyniesie: 160,00 euro \/ sezon g\u0142\u00f3wny i 140 euro \/ przedsezonowy i podsezonowy.<\/p>\n","protected":false},"featured_media":43152,"template":"","meta":{"_acf_changed":false},"product_brand":[],"product_cat":[153,131,151],"product_tag":[],"class_list":{"0":"post-53054","1":"product","2":"type-product","3":"status-publish","4":"has-post-thumbnail","6":"product_cat-apartamenty-dla-rodzin","7":"product_cat-apartamenty","8":"product_cat-apartamenty-z-widokiem-na-morze","10":"first","11":"instock","12":"sold-individually","13":"shipping-taxable","14":"purchasable","15":"product-type-phive_booking"},"acf":[],"_links":{"self":[{"href":"https:\/\/murter-online.com\/pl\/wp-json\/wp\/v2\/product\/53054","targetHints":{"allow":["GET"]}}],"collection":[{"href":"https:\/\/murter-online.com\/pl\/wp-json\/wp\/v2\/product"}],"about":[{"href":"https:\/\/murter-online.com\/pl\/wp-json\/wp\/v2\/types\/product"}],"wp:featuredmedia":[{"embeddable":true,"href":"https:\/\/murter-online.com\/pl\/wp-json\/wp\/v2\/media\/43152"}],"wp:attachment":[{"href":"https:\/\/murter-online.com\/pl\/wp-json\/wp\/v2\/media?parent=53054"}],"wp:term":[{"taxonomy":"product_brand","embeddable":true,"href":"https:\/\/murter-online.com\/pl\/wp-json\/wp\/v2\/product_brand?post=53054"},{"taxonomy":"product_cat","embeddable":true,"href":"https:\/\/murter-online.com\/pl\/wp-json\/wp\/v2\/product_cat?post=53054"},{"taxonomy":"product_tag","embeddable":true,"href":"https:\/\/murter-online.com\/pl\/wp-json\/wp\/v2\/product_tag?post=53054"}],"curies":[{"name":"wp","href":"https:\/\/api.w.org\/{rel}","templated":true}]}}