{"id":53059,"date":"2025-01-10T14:42:55","date_gmt":"2025-01-10T14:42:55","guid":{"rendered":"https:\/\/murter.riot.hr\/?post_type=product&#038;p=53059"},"modified":"2025-04-17T08:31:35","modified_gmt":"2025-04-17T07:31:35","slug":"apartament-podraduc-garden-paradise-2-a4-id-38","status":"publish","type":"product","link":"https:\/\/murter-online.com\/pl\/produkt\/apartament-podraduc-garden-paradise-2-a4-id-38\/","title":{"rendered":"Apartament wakacyjny blisko pla\u017cy Slanica Podradu\u010d Garden Paradise  Murter 2 A4 ID 38"},"content":{"rendered":"","protected":false},"excerpt":{"rendered":"<p>Pi\u0119kny apartament z dwiema sypialniami w doskona\u0142ej lokalizacji w Murter. Apartament znajduje si\u0119 przy ulicy Podradu\u010d, 80 metr\u00f3w od morza i 150 metr\u00f3w od piaszczystej pla\u017cy Slanica. Mieszkanie znajduje si\u0119 na parterze i posiada dwie sypialnie, w kt\u00f3rych mog\u0105 nocowa\u0107 4 doros\u0142e osoby. Mieszkanie posiada klimatyzacj\u0119, bezp\u0142atny bezprzewodowy dost\u0119p do Internetu, lod\u00f3wk\u0119, kuchenk\u0119 i czajnik. Kuchnia jest w pe\u0142ni wyposa\u017cona. Z tarasu wida\u0107 morze. Mieszkanie ma pi\u0119kn\u0105 przestrze\u0144 na zewn\u0105trz z prysznicem na \u015bwie\u017cym powietrzu i meblami ogrodowymi. Go\u015bcie apartamentu maj\u0105 do dyspozycji bezp\u0142atny parking. Na tarasie znajduje si\u0119 grill, z kt\u00f3rego mo\u017cna korzysta\u0107 bezp\u0142atnie.<\/p>\n","protected":false},"featured_media":43354,"template":"","meta":{"_acf_changed":false},"product_brand":[],"product_cat":[153,131,151],"product_tag":[],"class_list":{"0":"post-53059","1":"product","2":"type-product","3":"status-publish","4":"has-post-thumbnail","6":"product_cat-apartamenty-dla-rodzin","7":"product_cat-apartamenty","8":"product_cat-apartamenty-z-widokiem-na-morze","10":"first","11":"instock","12":"sold-individually","13":"shipping-taxable","14":"purchasable","15":"product-type-phive_booking"},"acf":[],"_links":{"self":[{"href":"https:\/\/murter-online.com\/pl\/wp-json\/wp\/v2\/product\/53059","targetHints":{"allow":["GET"]}}],"collection":[{"href":"https:\/\/murter-online.com\/pl\/wp-json\/wp\/v2\/product"}],"about":[{"href":"https:\/\/murter-online.com\/pl\/wp-json\/wp\/v2\/types\/product"}],"wp:featuredmedia":[{"embeddable":true,"href":"https:\/\/murter-online.com\/pl\/wp-json\/wp\/v2\/media\/43354"}],"wp:attachment":[{"href":"https:\/\/murter-online.com\/pl\/wp-json\/wp\/v2\/media?parent=53059"}],"wp:term":[{"taxonomy":"product_brand","embeddable":true,"href":"https:\/\/murter-online.com\/pl\/wp-json\/wp\/v2\/product_brand?post=53059"},{"taxonomy":"product_cat","embeddable":true,"href":"https:\/\/murter-online.com\/pl\/wp-json\/wp\/v2\/product_cat?post=53059"},{"taxonomy":"product_tag","embeddable":true,"href":"https:\/\/murter-online.com\/pl\/wp-json\/wp\/v2\/product_tag?post=53059"}],"curies":[{"name":"wp","href":"https:\/\/api.w.org\/{rel}","templated":true}]}}