{"id":53063,"date":"2025-01-10T15:09:07","date_gmt":"2025-01-10T15:09:07","guid":{"rendered":"https:\/\/murter.riot.hr\/?post_type=product&#038;p=53063"},"modified":"2025-04-17T08:37:57","modified_gmt":"2025-04-17T07:37:57","slug":"apartament-podraduc-kornati-view-a4-id-103","status":"publish","type":"product","link":"https:\/\/murter-online.com\/pl\/produkt\/apartament-podraduc-kornati-view-a4-id-103\/","title":{"rendered":"Apartament wakacyjny z widokiem na morze Podradu\u010d Kornati Murter A4 ID 103"},"content":{"rendered":"","protected":false},"excerpt":{"rendered":"<p>Apartament z pi\u0119knym widokiem na morze znajduje si\u0119 w \u015bwietnej lokalizacji zaledwie 40 metr\u00f3w od morza. Mieszkanie ma powierzchni\u0119 65 m2. Posiada dwie sypialnie, kt\u00f3re mog\u0105 pomie\u015bci\u0107 4 osoby doros\u0142e. Posiada pok\u00f3j dzienny. Do dyspozycji Go\u015bci jest \u0142azienka z prysznicem. Powierzchnia balkonu \/ tarasu to 12 m2. Mieszkanie znajduje si\u0119 na drugim pi\u0119trze. Mieszkanie wyposa\u017cone jest w TV, klimatyzacj\u0119, piekarnik, bezp\u0142atne \u0142\u0105cze internetowe WiFi, pralk\u0119, zmywark\u0119. Parking jest wliczony w cen\u0119. Istnieje grill na \u015bwie\u017cym powietrzu, z kt\u00f3rego mo\u017cna korzysta\u0107. Mieszkanie znajduje si\u0119 oko\u0142o 2000 m od centrum i 40 m od morza lub pierwszej pla\u017cy w Murter. Zwierz\u0119ta nie s\u0105 akceptowane. Mieszkanie znajduje si\u0119 w pi\u0119knym miejscu zaledwie 9 minut spacerkiem do pla\u017cy Slanica i 12 minut spacerkiem do sklepu. Znajduje si\u0119 on 14 minut spacerem od pla\u017cy \u010cigra\u0111a. Mieszkanie znajduje si\u0119 20 minut spacerkiem do centrum.<\/p>\n","protected":false},"featured_media":43594,"template":"","meta":{"_acf_changed":false},"product_brand":[],"product_cat":[153,131,151],"product_tag":[],"class_list":{"0":"post-53063","1":"product","2":"type-product","3":"status-publish","4":"has-post-thumbnail","6":"product_cat-apartamenty-dla-rodzin","7":"product_cat-apartamenty","8":"product_cat-apartamenty-z-widokiem-na-morze","10":"first","11":"instock","12":"sold-individually","13":"shipping-taxable","14":"purchasable","15":"product-type-phive_booking"},"acf":[],"_links":{"self":[{"href":"https:\/\/murter-online.com\/pl\/wp-json\/wp\/v2\/product\/53063","targetHints":{"allow":["GET"]}}],"collection":[{"href":"https:\/\/murter-online.com\/pl\/wp-json\/wp\/v2\/product"}],"about":[{"href":"https:\/\/murter-online.com\/pl\/wp-json\/wp\/v2\/types\/product"}],"wp:featuredmedia":[{"embeddable":true,"href":"https:\/\/murter-online.com\/pl\/wp-json\/wp\/v2\/media\/43594"}],"wp:attachment":[{"href":"https:\/\/murter-online.com\/pl\/wp-json\/wp\/v2\/media?parent=53063"}],"wp:term":[{"taxonomy":"product_brand","embeddable":true,"href":"https:\/\/murter-online.com\/pl\/wp-json\/wp\/v2\/product_brand?post=53063"},{"taxonomy":"product_cat","embeddable":true,"href":"https:\/\/murter-online.com\/pl\/wp-json\/wp\/v2\/product_cat?post=53063"},{"taxonomy":"product_tag","embeddable":true,"href":"https:\/\/murter-online.com\/pl\/wp-json\/wp\/v2\/product_tag?post=53063"}],"curies":[{"name":"wp","href":"https:\/\/api.w.org\/{rel}","templated":true}]}}