{"id":53074,"date":"2025-01-11T07:20:32","date_gmt":"2025-01-11T07:20:32","guid":{"rendered":"https:\/\/murter.riot.hr\/?post_type=product&#038;p=53074"},"modified":"2025-04-17T08:52:43","modified_gmt":"2025-04-17T07:52:43","slug":"apartament-podraduc-murter-a41-id-319","status":"publish","type":"product","link":"https:\/\/murter-online.com\/pl\/produkt\/apartament-podraduc-murter-a41-id-319\/","title":{"rendered":"Apartament wakacyjny z widokiem na morze Podradu\u010d Murter A4+1 ID 319"},"content":{"rendered":"","protected":false},"excerpt":{"rendered":"<p>Apartament wakacyjny z pi\u0119knym widokiem na morze po\u0142o\u017cony jest w atrakcyjnej cz\u0119\u015bci Murtera, przy ulicy Podradu\u010d, w cichym i spokojnym miejscu. Apartament posiada 2 sypialnie, w kt\u00f3rych mog\u0105 spa\u0107 4 osoby doros\u0142e, apartament posiada r\u00f3wnie\u017c pok\u00f3j dzienny z dodatkowym \u0142\u00f3\u017ckiem, kt\u00f3re mo\u017ce s\u0142u\u017cy\u0107 do spania. W kuchni znajduje si\u0119 piekarnik, czajnik i zamra\u017carka, pozosta\u0142a cz\u0119\u015b\u0107 kuchni jest w pe\u0142ni wyposa\u017cona. Apartament posiada pi\u0119kny taras z widokiem na morze na wyspach Kornati. Apartament wyposa\u017cony jest w klimatyzacj\u0119, bezp\u0142atny bezprzewodowy dost\u0119p do Internetu i telewizj\u0119 satelitarn\u0105. Przed apartamentem znajduje si\u0119 bezp\u0142atny parking dla go\u015bci. Na dziedzi\u0144cu apartamentu znajduje si\u0119 grill, z kt\u00f3rego mo\u017cna korzysta\u0107 bezp\u0142atnie. Poni\u017cej apartamentu (70 metr\u00f3w) znajduje si\u0119 pi\u0119kna, czysta kamienista pla\u017ca.<\/p>\n","protected":false},"featured_media":44046,"template":"","meta":{"_acf_changed":false},"product_brand":[],"product_cat":[153,131,151],"product_tag":[],"class_list":{"0":"post-53074","1":"product","2":"type-product","3":"status-publish","4":"has-post-thumbnail","6":"product_cat-apartamenty-dla-rodzin","7":"product_cat-apartamenty","8":"product_cat-apartamenty-z-widokiem-na-morze","10":"first","11":"instock","12":"sold-individually","13":"shipping-taxable","14":"purchasable","15":"product-type-phive_booking"},"acf":[],"_links":{"self":[{"href":"https:\/\/murter-online.com\/pl\/wp-json\/wp\/v2\/product\/53074","targetHints":{"allow":["GET"]}}],"collection":[{"href":"https:\/\/murter-online.com\/pl\/wp-json\/wp\/v2\/product"}],"about":[{"href":"https:\/\/murter-online.com\/pl\/wp-json\/wp\/v2\/types\/product"}],"wp:featuredmedia":[{"embeddable":true,"href":"https:\/\/murter-online.com\/pl\/wp-json\/wp\/v2\/media\/44046"}],"wp:attachment":[{"href":"https:\/\/murter-online.com\/pl\/wp-json\/wp\/v2\/media?parent=53074"}],"wp:term":[{"taxonomy":"product_brand","embeddable":true,"href":"https:\/\/murter-online.com\/pl\/wp-json\/wp\/v2\/product_brand?post=53074"},{"taxonomy":"product_cat","embeddable":true,"href":"https:\/\/murter-online.com\/pl\/wp-json\/wp\/v2\/product_cat?post=53074"},{"taxonomy":"product_tag","embeddable":true,"href":"https:\/\/murter-online.com\/pl\/wp-json\/wp\/v2\/product_tag?post=53074"}],"curies":[{"name":"wp","href":"https:\/\/api.w.org\/{rel}","templated":true}]}}