{"id":53087,"date":"2025-01-11T08:10:23","date_gmt":"2025-01-11T08:10:23","guid":{"rendered":"https:\/\/murter.riot.hr\/?post_type=product&#038;p=53087"},"modified":"2025-04-17T11:00:18","modified_gmt":"2025-04-17T10:00:18","slug":"apartament-podvrske-murter-jersani-a41-id-175","status":"publish","type":"product","link":"https:\/\/murter-online.com\/pl\/produkt\/apartament-podvrske-murter-jersani-a41-id-175\/","title":{"rendered":"Apartamenty z miejscem do cumowania \u0142odzi Podvr\u0161ke Jersani Murter A4+1 ID 175"},"content":{"rendered":"","protected":false},"excerpt":{"rendered":"<p>Mieszkanie znajduje si\u0119 w doskona\u0142ej lokalizacji zaledwie 100 metr\u00f3w od morza. Mieszkanie ma powierzchni\u0119 60 m2. Posiada dwie sypialnie, w kt\u00f3rych mog\u0105 spa\u0107 4 osoby doros\u0142e. Posiada pok\u00f3j dzienny, kt\u00f3ry mo\u017ce s\u0142u\u017cy\u0107 do spania &#8211; Posiada dodatkowe \u0142\u00f3\u017cko dla jednej osoby. Do dyspozycji Go\u015bci jest \u0142azienka z prysznicem. Powierzchnia balkonu \/ tarasu 10 m2. Mieszkanie znajduje si\u0119 na pierwszym pi\u0119trze. Mieszkanie wyposa\u017cone jest w TV, klimatyzacj\u0119, bezp\u0142atne \u0142\u0105cze internetowe wifi. Parking jest wliczony w cen\u0119. Apartament posiada miejsce do cumowania \u0142odzi &#8211; za dodatkow\u0105 op\u0142at\u0105. Jest grill na \u015bwie\u017cym powietrzu, z kt\u00f3rego mo\u017cna korzysta\u0107. Mieszkanie znajduje si\u0119 oko\u0142o 700 m od centrum i 100 m od morza lub pierwszej pla\u017cy w Murter. Zwierz\u0119ta s\u0105 akceptowane za dodatkow\u0105 op\u0142at\u0105.<\/p>\n","protected":false},"featured_media":44292,"template":"","meta":{"_acf_changed":false},"product_brand":[],"product_cat":[153,131,154,151],"product_tag":[],"class_list":{"0":"post-53087","1":"product","2":"type-product","3":"status-publish","4":"has-post-thumbnail","6":"product_cat-apartamenty-dla-rodzin","7":"product_cat-apartamenty","8":"product_cat-apartamenty-z-miejscem-do-cumowania-lodzi","9":"product_cat-apartamenty-z-widokiem-na-morze","11":"first","12":"instock","13":"sold-individually","14":"shipping-taxable","15":"purchasable","16":"product-type-phive_booking"},"acf":[],"_links":{"self":[{"href":"https:\/\/murter-online.com\/pl\/wp-json\/wp\/v2\/product\/53087","targetHints":{"allow":["GET"]}}],"collection":[{"href":"https:\/\/murter-online.com\/pl\/wp-json\/wp\/v2\/product"}],"about":[{"href":"https:\/\/murter-online.com\/pl\/wp-json\/wp\/v2\/types\/product"}],"wp:featuredmedia":[{"embeddable":true,"href":"https:\/\/murter-online.com\/pl\/wp-json\/wp\/v2\/media\/44292"}],"wp:attachment":[{"href":"https:\/\/murter-online.com\/pl\/wp-json\/wp\/v2\/media?parent=53087"}],"wp:term":[{"taxonomy":"product_brand","embeddable":true,"href":"https:\/\/murter-online.com\/pl\/wp-json\/wp\/v2\/product_brand?post=53087"},{"taxonomy":"product_cat","embeddable":true,"href":"https:\/\/murter-online.com\/pl\/wp-json\/wp\/v2\/product_cat?post=53087"},{"taxonomy":"product_tag","embeddable":true,"href":"https:\/\/murter-online.com\/pl\/wp-json\/wp\/v2\/product_tag?post=53087"}],"curies":[{"name":"wp","href":"https:\/\/api.w.org\/{rel}","templated":true}]}}