{"id":53097,"date":"2025-01-11T09:04:09","date_gmt":"2025-01-11T09:04:09","guid":{"rendered":"https:\/\/murter.riot.hr\/?post_type=product&#038;p=53097"},"modified":"2025-04-17T11:20:02","modified_gmt":"2025-04-17T10:20:02","slug":"apartament-put-slanice-z-widokiem-na-morze-apartament-4-2-id-94","status":"publish","type":"product","link":"https:\/\/murter-online.com\/pl\/produkt\/apartament-put-slanice-z-widokiem-na-morze-apartament-4-2-id-94\/","title":{"rendered":"Apartament wakacyjny z widokiem na morze Put Slanice Murter 4+2 ID 94"},"content":{"rendered":"","protected":false},"excerpt":{"rendered":"<p>Apartament z pi\u0119knym widokiem na morze znajduje si\u0119 tylko w doskona\u0142ej lokalizacji 250m. od morza. Apartament wyposa\u017cony jest w tv, bezp\u0142atny klimatyzacja, piekarnik, BEZP\u0141ATNE po\u0142\u0105czenie internetowe Wi-Fi. Apartament posiada \u0142azienk\u0119 z prysznicem. Jest pok\u00f3j dzienny, w kt\u00f3rym mo\u017cesz spa\u0107.. Powierzchnia mieszkalna ma 65 m2. a balkon \/ taras ma 10 m2. W apartamencie mo\u017ce spa\u0107 4 os\u00f3b na g\u0142\u00f3wnych \u0142\u00f3\u017ckach a 2 osoby na rozk\u0142adanej sofie w salonie. Apartament znajduje si\u0119 na drugim pi\u0119trze. Zwierz\u0119ta domowe &#8211; niedozwolone. apartament ma sw\u00f3j w\u0142asny bezp\u0142atny parking. Apartament jest 800m. daleko od centrum i oko\u0142o 250m. daleko od morza lub pierwszej pla\u017cy w Murter.<span class=\"Y2IQFc\" lang=\"pl\">Cena dotyczy 4 os\u00f3b, je\u017celi w apartamencie przebywa 5 os\u00f3b cena wzrasta o 10 euro za dzie\u0144.<\/span><\/p>\n","protected":false},"featured_media":44444,"template":"","meta":{"_acf_changed":false},"product_brand":[],"product_cat":[153,131,151],"product_tag":[],"class_list":{"0":"post-53097","1":"product","2":"type-product","3":"status-publish","4":"has-post-thumbnail","6":"product_cat-apartamenty-dla-rodzin","7":"product_cat-apartamenty","8":"product_cat-apartamenty-z-widokiem-na-morze","10":"first","11":"instock","12":"sold-individually","13":"shipping-taxable","14":"purchasable","15":"product-type-phive_booking"},"acf":[],"_links":{"self":[{"href":"https:\/\/murter-online.com\/pl\/wp-json\/wp\/v2\/product\/53097","targetHints":{"allow":["GET"]}}],"collection":[{"href":"https:\/\/murter-online.com\/pl\/wp-json\/wp\/v2\/product"}],"about":[{"href":"https:\/\/murter-online.com\/pl\/wp-json\/wp\/v2\/types\/product"}],"wp:featuredmedia":[{"embeddable":true,"href":"https:\/\/murter-online.com\/pl\/wp-json\/wp\/v2\/media\/44444"}],"wp:attachment":[{"href":"https:\/\/murter-online.com\/pl\/wp-json\/wp\/v2\/media?parent=53097"}],"wp:term":[{"taxonomy":"product_brand","embeddable":true,"href":"https:\/\/murter-online.com\/pl\/wp-json\/wp\/v2\/product_brand?post=53097"},{"taxonomy":"product_cat","embeddable":true,"href":"https:\/\/murter-online.com\/pl\/wp-json\/wp\/v2\/product_cat?post=53097"},{"taxonomy":"product_tag","embeddable":true,"href":"https:\/\/murter-online.com\/pl\/wp-json\/wp\/v2\/product_tag?post=53097"}],"curies":[{"name":"wp","href":"https:\/\/api.w.org\/{rel}","templated":true}]}}