{"id":53111,"date":"2025-01-09T06:46:12","date_gmt":"2025-01-09T06:46:12","guid":{"rendered":"https:\/\/murter.riot.hr\/?post_type=product&#038;p=53111"},"modified":"2025-04-18T08:44:57","modified_gmt":"2025-04-18T07:44:57","slug":"apartament-plaza-slanica-a4-id-217","status":"publish","type":"product","link":"https:\/\/murter-online.com\/pl\/produkt\/apartament-plaza-slanica-a4-id-217\/","title":{"rendered":"Apartament wakacyjny z widokiem na morze Pla\u017ca Slanica Murter A4 ID 217"},"content":{"rendered":"","protected":false},"excerpt":{"rendered":"<p>Mieszkanie rodzinne w doskona\u0142ej lokalizacji, zaledwie 250 metr\u00f3w od piaszczystej pla\u017cy Slanica! Mieszkanie znajduje si\u0119 na pierwszym pi\u0119trze, w pe\u0142ni wyposa\u017cone. Mieszkanie posiada dwie sypialnie, w kt\u00f3rych mog\u0105 spa\u0107 4 osoby, bez dodatkowych \u0142\u00f3\u017cek w salonie. Apartament posiada klimatyzacj\u0119, bezp\u0142atne WiFi, piekarnik, lod\u00f3wk\u0119. Mieszkanie nie ma widoku na morze. Dysponuje on tarasem z widokiem na ogr\u00f3d. Parking jest wliczony w cen\u0119.<\/p>\n","protected":false},"featured_media":37817,"template":"","meta":{"_acf_changed":false},"product_brand":[],"product_cat":[153,131,151],"product_tag":[],"class_list":{"0":"post-53111","1":"product","2":"type-product","3":"status-publish","4":"has-post-thumbnail","6":"product_cat-apartamenty-dla-rodzin","7":"product_cat-apartamenty","8":"product_cat-apartamenty-z-widokiem-na-morze","10":"first","11":"instock","12":"sold-individually","13":"shipping-taxable","14":"purchasable","15":"product-type-phive_booking"},"acf":[],"_links":{"self":[{"href":"https:\/\/murter-online.com\/pl\/wp-json\/wp\/v2\/product\/53111","targetHints":{"allow":["GET"]}}],"collection":[{"href":"https:\/\/murter-online.com\/pl\/wp-json\/wp\/v2\/product"}],"about":[{"href":"https:\/\/murter-online.com\/pl\/wp-json\/wp\/v2\/types\/product"}],"wp:featuredmedia":[{"embeddable":true,"href":"https:\/\/murter-online.com\/pl\/wp-json\/wp\/v2\/media\/37817"}],"wp:attachment":[{"href":"https:\/\/murter-online.com\/pl\/wp-json\/wp\/v2\/media?parent=53111"}],"wp:term":[{"taxonomy":"product_brand","embeddable":true,"href":"https:\/\/murter-online.com\/pl\/wp-json\/wp\/v2\/product_brand?post=53111"},{"taxonomy":"product_cat","embeddable":true,"href":"https:\/\/murter-online.com\/pl\/wp-json\/wp\/v2\/product_cat?post=53111"},{"taxonomy":"product_tag","embeddable":true,"href":"https:\/\/murter-online.com\/pl\/wp-json\/wp\/v2\/product_tag?post=53111"}],"curies":[{"name":"wp","href":"https:\/\/api.w.org\/{rel}","templated":true}]}}