{"id":53117,"date":"2025-01-09T06:56:29","date_gmt":"2025-01-09T06:56:29","guid":{"rendered":"https:\/\/murter.riot.hr\/?post_type=product&#038;p=53117"},"modified":"2025-04-18T08:53:01","modified_gmt":"2025-04-18T07:53:01","slug":"apartament-slanica-colorful-summer-a41-id-92","status":"publish","type":"product","link":"https:\/\/murter-online.com\/pl\/produkt\/apartament-slanica-colorful-summer-a41-id-92\/","title":{"rendered":"Apartament wakacyjny z widokiem na morze Slanica Colorful Summer MurterA4+1 ID 92"},"content":{"rendered":"","protected":false},"excerpt":{"rendered":"<div align=\"center\">\n<div class=\"max_width\" align=\"left\">\n<div>\n<div>Apartament z pi\u0119knym widokiem na morze znajduje si\u0119 w doskona\u0142ej lokalizacji zaledwie 150 metr\u00f3w od morza. Mieszkanie ma powierzchni\u0119 80 m2. Posiada dwie sypialnie, kt\u00f3re mog\u0105 pomie\u015bci\u0107 4 osoby doros\u0142e. Posiada pok\u00f3j dzienny, w kt\u00f3rym mo\u017cna spa\u0107 &#8211; Posiada dodatkowe \u0142\u00f3\u017cko dla jednej osoby. Do dyspozycji Go\u015bci jest \u0142azienka z prysznicem. Powierzchnia balkonu \/ tarasu wynosi 60 m2. Mieszkanie znajduje si\u0119 na pierwszym pi\u0119trze. Mieszkanie wyposa\u017cone jest w TV, klimatyzacj\u0119, piekarnik, bezp\u0142atne \u0142\u0105cze internetowe wifi. Parking jest wliczony w cen\u0119. Istnieje grill na \u015bwie\u017cym powietrzu, z kt\u00f3rego mo\u017cna korzysta\u0107. Mieszkanie znajduje si\u0119 oko\u0142o 900 m od centrum i 150 m od morza lub pierwszej pla\u017cy w Murter. Zwierz\u0119ta nie s\u0105 akceptowane.<\/div>\n<\/div>\n<\/div>\n<\/div>\n<div align=\"center\"><\/div>\n","protected":false},"featured_media":37937,"template":"","meta":{"_acf_changed":false},"product_brand":[],"product_cat":[153,131,151],"product_tag":[],"class_list":{"0":"post-53117","1":"product","2":"type-product","3":"status-publish","4":"has-post-thumbnail","6":"product_cat-apartamenty-dla-rodzin","7":"product_cat-apartamenty","8":"product_cat-apartamenty-z-widokiem-na-morze","10":"first","11":"instock","12":"sold-individually","13":"shipping-taxable","14":"purchasable","15":"product-type-phive_booking"},"acf":[],"_links":{"self":[{"href":"https:\/\/murter-online.com\/pl\/wp-json\/wp\/v2\/product\/53117","targetHints":{"allow":["GET"]}}],"collection":[{"href":"https:\/\/murter-online.com\/pl\/wp-json\/wp\/v2\/product"}],"about":[{"href":"https:\/\/murter-online.com\/pl\/wp-json\/wp\/v2\/types\/product"}],"wp:featuredmedia":[{"embeddable":true,"href":"https:\/\/murter-online.com\/pl\/wp-json\/wp\/v2\/media\/37937"}],"wp:attachment":[{"href":"https:\/\/murter-online.com\/pl\/wp-json\/wp\/v2\/media?parent=53117"}],"wp:term":[{"taxonomy":"product_brand","embeddable":true,"href":"https:\/\/murter-online.com\/pl\/wp-json\/wp\/v2\/product_brand?post=53117"},{"taxonomy":"product_cat","embeddable":true,"href":"https:\/\/murter-online.com\/pl\/wp-json\/wp\/v2\/product_cat?post=53117"},{"taxonomy":"product_tag","embeddable":true,"href":"https:\/\/murter-online.com\/pl\/wp-json\/wp\/v2\/product_tag?post=53117"}],"curies":[{"name":"wp","href":"https:\/\/api.w.org\/{rel}","templated":true}]}}