{"id":53125,"date":"2025-01-09T07:37:10","date_gmt":"2025-01-09T07:37:10","guid":{"rendered":"https:\/\/murter.riot.hr\/?post_type=product&#038;p=53125"},"modified":"2025-04-19T06:57:46","modified_gmt":"2025-04-19T05:57:46","slug":"apartament-slanica-murter-pool-paradise-a41-id-158","status":"publish","type":"product","link":"https:\/\/murter-online.com\/pl\/produkt\/apartament-slanica-murter-pool-paradise-a41-id-158\/","title":{"rendered":"Apartamenty z basenem Slanica Pool Paradise Murter A4+1 ID 158"},"content":{"rendered":"","protected":false},"excerpt":{"rendered":"<p>Apartament z pi\u0119knym widokiem na morze znajduje si\u0119 w \u015bwietnej lokalizacji zaledwie 70 metr\u00f3w od morza. Mieszkanie ma powierzchni\u0119 50 m2. Posiada dwie sypialnie, w kt\u00f3rych mog\u0105 spa\u0107 4 osoby doros\u0142e. Posiada pok\u00f3j dzienny, w kt\u00f3rym znajduje si\u0119 dodatkowa rozk\u0142adana sofa, na kt\u00f3rej mo\u017cna spa\u0107. Do dyspozycji Go\u015bci jest \u0142azienka z prysznicem. Powierzchnia balkonu \/ tarasu to 5m2. Mieszkanie znajduje si\u0119 na pierwszym pi\u0119trze. Mieszkanie wyposa\u017cone jest w TV, klimatyzacj\u0119, piekarnik. Parking jest wliczony w cen\u0119. Mieszkanie znajduje si\u0119 oko\u0142o 1200 m od centrum i 70 m od morza lub pierwszej pla\u017cy w Murter. Zwierz\u0119ta domowe na zapytanie.<\/p>\n","protected":false},"featured_media":38149,"template":"","meta":{"_acf_changed":false},"product_brand":[],"product_cat":[153,131,152,151],"product_tag":[],"class_list":{"0":"post-53125","1":"product","2":"type-product","3":"status-publish","4":"has-post-thumbnail","6":"product_cat-apartamenty-dla-rodzin","7":"product_cat-apartamenty","8":"product_cat-apartamenty-z-basenem","9":"product_cat-apartamenty-z-widokiem-na-morze","11":"first","12":"instock","13":"sold-individually","14":"shipping-taxable","15":"purchasable","16":"product-type-phive_booking"},"acf":[],"_links":{"self":[{"href":"https:\/\/murter-online.com\/pl\/wp-json\/wp\/v2\/product\/53125","targetHints":{"allow":["GET"]}}],"collection":[{"href":"https:\/\/murter-online.com\/pl\/wp-json\/wp\/v2\/product"}],"about":[{"href":"https:\/\/murter-online.com\/pl\/wp-json\/wp\/v2\/types\/product"}],"wp:featuredmedia":[{"embeddable":true,"href":"https:\/\/murter-online.com\/pl\/wp-json\/wp\/v2\/media\/38149"}],"wp:attachment":[{"href":"https:\/\/murter-online.com\/pl\/wp-json\/wp\/v2\/media?parent=53125"}],"wp:term":[{"taxonomy":"product_brand","embeddable":true,"href":"https:\/\/murter-online.com\/pl\/wp-json\/wp\/v2\/product_brand?post=53125"},{"taxonomy":"product_cat","embeddable":true,"href":"https:\/\/murter-online.com\/pl\/wp-json\/wp\/v2\/product_cat?post=53125"},{"taxonomy":"product_tag","embeddable":true,"href":"https:\/\/murter-online.com\/pl\/wp-json\/wp\/v2\/product_tag?post=53125"}],"curies":[{"name":"wp","href":"https:\/\/api.w.org\/{rel}","templated":true}]}}