{"id":53130,"date":"2025-01-09T07:54:30","date_gmt":"2025-01-09T07:54:30","guid":{"rendered":"https:\/\/murter.riot.hr\/?post_type=product&#038;p=53130"},"modified":"2025-04-19T06:51:52","modified_gmt":"2025-04-19T05:51:52","slug":"apartament-slanica-new-sea-view-a51-id-171","status":"publish","type":"product","link":"https:\/\/murter-online.com\/pl\/produkt\/apartament-slanica-new-sea-view-a51-id-171\/","title":{"rendered":"Apartament wakacyjny z widokiem na morze Slanica New Murter A5+1 ID 171"},"content":{"rendered":"","protected":false},"excerpt":{"rendered":"<p>Apartament ma powierzchni\u0119 70 m2. Apartament ma dwie sypialnie, w kt\u00f3rych mo\u017ce spa\u0107 5 os\u00f3b. Parking na podw\u00f3rku przed apartamentem jest bezp\u0142atny, bezp\u0142atne WiFi. Do dyspozycji Go\u015bci jest \u0142azienka z prysznicem.Apartament znajduje si\u0119 na pierwszym pi\u0119trze. Posiada oddzielne wej\u015bcie, desk\u0119 do prasowania i \u017celazko. Kuchnia w pe\u0142ni wyposa\u017cona.<\/p>\n","protected":false},"featured_media":38249,"template":"","meta":{"_acf_changed":false},"product_brand":[],"product_cat":[153,131,151],"product_tag":[],"class_list":{"0":"post-53130","1":"product","2":"type-product","3":"status-publish","4":"has-post-thumbnail","6":"product_cat-apartamenty-dla-rodzin","7":"product_cat-apartamenty","8":"product_cat-apartamenty-z-widokiem-na-morze","10":"first","11":"instock","12":"sold-individually","13":"shipping-taxable","14":"purchasable","15":"product-type-phive_booking"},"acf":[],"_links":{"self":[{"href":"https:\/\/murter-online.com\/pl\/wp-json\/wp\/v2\/product\/53130","targetHints":{"allow":["GET"]}}],"collection":[{"href":"https:\/\/murter-online.com\/pl\/wp-json\/wp\/v2\/product"}],"about":[{"href":"https:\/\/murter-online.com\/pl\/wp-json\/wp\/v2\/types\/product"}],"wp:featuredmedia":[{"embeddable":true,"href":"https:\/\/murter-online.com\/pl\/wp-json\/wp\/v2\/media\/38249"}],"wp:attachment":[{"href":"https:\/\/murter-online.com\/pl\/wp-json\/wp\/v2\/media?parent=53130"}],"wp:term":[{"taxonomy":"product_brand","embeddable":true,"href":"https:\/\/murter-online.com\/pl\/wp-json\/wp\/v2\/product_brand?post=53130"},{"taxonomy":"product_cat","embeddable":true,"href":"https:\/\/murter-online.com\/pl\/wp-json\/wp\/v2\/product_cat?post=53130"},{"taxonomy":"product_tag","embeddable":true,"href":"https:\/\/murter-online.com\/pl\/wp-json\/wp\/v2\/product_tag?post=53130"}],"curies":[{"name":"wp","href":"https:\/\/api.w.org\/{rel}","templated":true}]}}