{"id":53135,"date":"2025-01-09T07:57:44","date_gmt":"2025-01-09T07:57:44","guid":{"rendered":"https:\/\/murter.riot.hr\/?post_type=product&#038;p=53135"},"modified":"2025-04-19T07:04:02","modified_gmt":"2025-04-19T06:04:02","slug":"apartament-slanica-z-widokiem-na-morze-a42-id-50","status":"publish","type":"product","link":"https:\/\/murter-online.com\/pl\/produkt\/apartament-slanica-z-widokiem-na-morze-a42-id-50\/","title":{"rendered":"Apartament wakacyjny z widokiem na morze  pla\u017ca Slanica Maria Murter A4+2 ID 50"},"content":{"rendered":"","protected":false},"excerpt":{"rendered":"<p>Apartament z pi\u0119knym widokiem na morze znajduje si\u0119 w doskona\u0142ej lokalizacji, zaledwie 200 metr\u00f3w od morza. Mieszkanie ma powierzchni\u0119 60 m2. Ma dwie sypialnie, kt\u00f3re mog\u0105 pomie\u015bci\u0107 4 osoby doros\u0142e. Posiada salon, w kt\u00f3rym mo\u017cna spa\u0107 &#8211; Posiada dodatkowe \u0142\u00f3\u017cko dla jednej osoby. Posiada \u0142azienk\u0119 z prysznicem. Powierzchnia balkonu \/ tarasu wynosi 7 m2. Mieszkanie znajduje si\u0119 na drugim pi\u0119trze domu. Mieszkanie jest wyposa\u017cone w telewizor, klimatyzacj\u0119, piekarnik, bezp\u0142atny bezprzewodowy dost\u0119p do Internetu. Parking jest wliczony w cen\u0119.<\/p>\n","protected":false},"featured_media":38321,"template":"","meta":{"_acf_changed":false},"product_brand":[],"product_cat":[153,131,151],"product_tag":[],"class_list":{"0":"post-53135","1":"product","2":"type-product","3":"status-publish","4":"has-post-thumbnail","6":"product_cat-apartamenty-dla-rodzin","7":"product_cat-apartamenty","8":"product_cat-apartamenty-z-widokiem-na-morze","10":"first","11":"instock","12":"sold-individually","13":"shipping-taxable","14":"purchasable","15":"product-type-phive_booking"},"acf":[],"_links":{"self":[{"href":"https:\/\/murter-online.com\/pl\/wp-json\/wp\/v2\/product\/53135","targetHints":{"allow":["GET"]}}],"collection":[{"href":"https:\/\/murter-online.com\/pl\/wp-json\/wp\/v2\/product"}],"about":[{"href":"https:\/\/murter-online.com\/pl\/wp-json\/wp\/v2\/types\/product"}],"wp:featuredmedia":[{"embeddable":true,"href":"https:\/\/murter-online.com\/pl\/wp-json\/wp\/v2\/media\/38321"}],"wp:attachment":[{"href":"https:\/\/murter-online.com\/pl\/wp-json\/wp\/v2\/media?parent=53135"}],"wp:term":[{"taxonomy":"product_brand","embeddable":true,"href":"https:\/\/murter-online.com\/pl\/wp-json\/wp\/v2\/product_brand?post=53135"},{"taxonomy":"product_cat","embeddable":true,"href":"https:\/\/murter-online.com\/pl\/wp-json\/wp\/v2\/product_cat?post=53135"},{"taxonomy":"product_tag","embeddable":true,"href":"https:\/\/murter-online.com\/pl\/wp-json\/wp\/v2\/product_tag?post=53135"}],"curies":[{"name":"wp","href":"https:\/\/api.w.org\/{rel}","templated":true}]}}