{"id":53149,"date":"2025-01-09T09:28:35","date_gmt":"2025-01-09T09:28:35","guid":{"rendered":"https:\/\/murter.riot.hr\/?post_type=product&#038;p=53149"},"modified":"2025-04-18T09:42:24","modified_gmt":"2025-04-18T08:42:24","slug":"apartament-tessitura-murter-a41-id-298","status":"publish","type":"product","link":"https:\/\/murter-online.com\/pl\/produkt\/apartament-tessitura-murter-a41-id-298\/","title":{"rendered":"Apartament wakacyjny z widokiem na morze Tessitura Murter A4+1 ID 298"},"content":{"rendered":"","protected":false},"excerpt":{"rendered":"<p>Pi\u0119kny apartament z dwiema sypialniami po\u0142o\u017cony jest w spokojnej okolicy w Murter. Mieszkanie posiada dwie sypialnie, w kt\u00f3rych mog\u0105 nocowa\u0107 4 osoby doros\u0142e. W apartamencie znajduje si\u0119 pok\u00f3j dzienny z dodatkowym \u0142\u00f3\u017ckiem, kt\u00f3re mo\u017ce s\u0142u\u017cy\u0107 do spania. W apartamencie mo\u017ce nocowa\u0107 \u0142\u0105cznie 5 os\u00f3b. W apartamencie znajduje si\u0119 w pe\u0142ni wyposa\u017cona kuchnia. W kuchni znajduje si\u0119 piekarnik, zamra\u017carka, toster, ekspres do kawy, czajnik, kuchenka mikrofalowa, zmywarka. W \u0142azience znajduje si\u0119 pralka. Z tarasu roztacza si\u0119 pi\u0119kny widok na morze. Najbli\u017csza pla\u017ca to \u010cigra\u0111a, kt\u00f3ra znajduje si\u0119 7-10 minut spacerem od apartamentu. Jest odpowiedni dla dzieci i doros\u0142ych.<\/p>\n","protected":false},"featured_media":38465,"template":"","meta":{"_acf_changed":false},"product_brand":[],"product_cat":[153,131,151],"product_tag":[],"class_list":{"0":"post-53149","1":"product","2":"type-product","3":"status-publish","4":"has-post-thumbnail","6":"product_cat-apartamenty-dla-rodzin","7":"product_cat-apartamenty","8":"product_cat-apartamenty-z-widokiem-na-morze","10":"first","11":"instock","12":"sold-individually","13":"shipping-taxable","14":"purchasable","15":"product-type-phive_booking"},"acf":[],"_links":{"self":[{"href":"https:\/\/murter-online.com\/pl\/wp-json\/wp\/v2\/product\/53149","targetHints":{"allow":["GET"]}}],"collection":[{"href":"https:\/\/murter-online.com\/pl\/wp-json\/wp\/v2\/product"}],"about":[{"href":"https:\/\/murter-online.com\/pl\/wp-json\/wp\/v2\/types\/product"}],"wp:featuredmedia":[{"embeddable":true,"href":"https:\/\/murter-online.com\/pl\/wp-json\/wp\/v2\/media\/38465"}],"wp:attachment":[{"href":"https:\/\/murter-online.com\/pl\/wp-json\/wp\/v2\/media?parent=53149"}],"wp:term":[{"taxonomy":"product_brand","embeddable":true,"href":"https:\/\/murter-online.com\/pl\/wp-json\/wp\/v2\/product_brand?post=53149"},{"taxonomy":"product_cat","embeddable":true,"href":"https:\/\/murter-online.com\/pl\/wp-json\/wp\/v2\/product_cat?post=53149"},{"taxonomy":"product_tag","embeddable":true,"href":"https:\/\/murter-online.com\/pl\/wp-json\/wp\/v2\/product_tag?post=53149"}],"curies":[{"name":"wp","href":"https:\/\/api.w.org\/{rel}","templated":true}]}}