{"id":53166,"date":"2025-01-09T10:06:20","date_gmt":"2025-01-09T10:06:20","guid":{"rendered":"https:\/\/murter.riot.hr\/?post_type=product&#038;p=53166"},"modified":"2025-04-18T09:59:08","modified_gmt":"2025-04-18T08:59:08","slug":"apartament-turisticka-kornati-view-a41-id-140","status":"publish","type":"product","link":"https:\/\/murter-online.com\/pl\/produkt\/apartament-turisticka-kornati-view-a41-id-140\/","title":{"rendered":"Apartament wakacyjny z widokiem na morze Turisti\u010dka Kornati A4+1 ID 140"},"content":{"rendered":"","protected":false},"excerpt":{"rendered":"<div align=\"center\">\n<div class=\"max_width\" align=\"left\">\n<div>\n<div>Apartament z pi\u0119knym widokiem na morze znajduje si\u0119 w doskona\u0142ej lokalizacji zaledwie 70 metr\u00f3w od morza. Mieszkanie ma powierzchni\u0119 60 m2. Posiada dwie sypialnie, w kt\u00f3rych mog\u0105 spa\u0107 4 osoby doros\u0142e. Posiada pok\u00f3j dzienny. Do dyspozycji Go\u015bci jest \u0142azienka z prysznicem. Powierzchnia balkonu \/ tarasu 10 m2. Mieszkanie znajduje si\u0119 na pierwszy pi\u0119trze domu. Apartament wyposa\u017cony jest w TV, klimatyzacj\u0119, bezp\u0142atne WiFi. Parking jest wliczony w cen\u0119. Zwierz\u0119ta domowe na zapytanie.<\/div>\n<\/div>\n<\/div>\n<\/div>\n<div align=\"center\">\n<div><\/div>\n<div><\/div>\n<\/div>\n","protected":false},"featured_media":38709,"template":"","meta":{"_acf_changed":false},"product_brand":[],"product_cat":[153,131,151],"product_tag":[],"class_list":{"0":"post-53166","1":"product","2":"type-product","3":"status-publish","4":"has-post-thumbnail","6":"product_cat-apartamenty-dla-rodzin","7":"product_cat-apartamenty","8":"product_cat-apartamenty-z-widokiem-na-morze","10":"first","11":"instock","12":"sold-individually","13":"shipping-taxable","14":"purchasable","15":"product-type-phive_booking"},"acf":[],"_links":{"self":[{"href":"https:\/\/murter-online.com\/pl\/wp-json\/wp\/v2\/product\/53166","targetHints":{"allow":["GET"]}}],"collection":[{"href":"https:\/\/murter-online.com\/pl\/wp-json\/wp\/v2\/product"}],"about":[{"href":"https:\/\/murter-online.com\/pl\/wp-json\/wp\/v2\/types\/product"}],"wp:featuredmedia":[{"embeddable":true,"href":"https:\/\/murter-online.com\/pl\/wp-json\/wp\/v2\/media\/38709"}],"wp:attachment":[{"href":"https:\/\/murter-online.com\/pl\/wp-json\/wp\/v2\/media?parent=53166"}],"wp:term":[{"taxonomy":"product_brand","embeddable":true,"href":"https:\/\/murter-online.com\/pl\/wp-json\/wp\/v2\/product_brand?post=53166"},{"taxonomy":"product_cat","embeddable":true,"href":"https:\/\/murter-online.com\/pl\/wp-json\/wp\/v2\/product_cat?post=53166"},{"taxonomy":"product_tag","embeddable":true,"href":"https:\/\/murter-online.com\/pl\/wp-json\/wp\/v2\/product_tag?post=53166"}],"curies":[{"name":"wp","href":"https:\/\/api.w.org\/{rel}","templated":true}]}}