{"id":53178,"date":"2025-01-09T10:39:28","date_gmt":"2025-01-09T10:39:28","guid":{"rendered":"https:\/\/murter.riot.hr\/?post_type=product&#038;p=53178"},"modified":"2025-02-02T16:43:01","modified_gmt":"2025-02-02T16:43:01","slug":"dom-vlado-apartment-a4-id-28","status":"publish","type":"product","link":"https:\/\/murter-online.com\/pl\/produkt\/dom-vlado-apartment-a4-id-28\/","title":{"rendered":"Dom Vlado Apartment A4 ID 28"},"content":{"rendered":"","protected":false},"excerpt":{"rendered":"<p>32 m\u00b2 balkon klimatyzacja patio prywatna \u0142azienka Bezp\u0142atne WiFi! bezp\u0142atny parking Wielko\u015b\u0107 apartamentu: 32 m\u00b2 W Twojej prywatnej \u0142azience: bezp\u0142atny zestaw kosmetyk\u00f3w toaleta wanna lub prysznic r\u0119czniki papier toaletowy Udogodnienia w apartamencie: \u200bpo\u015bciel szafa lub garderoba klimatyzacja pod\u0142oga wy\u0142o\u017cona kafelkami lub marmurem prywatne wej\u015bcie wentylator kuchnia lod\u00f3wka przybory kuchenne czajnik elektryczny p\u0142yta kuchenna cz\u0119\u015b\u0107 jadalna telewizor balkon taras patio grill gniazdko ko\u0142o \u0142\u00f3\u017cka Parking: \u200bBezp\u0142atny parking prywatny jest dost\u0119pny na miejscu (nie jest konieczna rezerwacja).<\/p>\n","protected":false},"featured_media":38949,"template":"","meta":{"_acf_changed":false},"product_brand":[],"product_cat":[153,131],"product_tag":[],"class_list":{"0":"post-53178","1":"product","2":"type-product","3":"status-publish","4":"has-post-thumbnail","6":"product_cat-apartamenty-dla-rodzin","7":"product_cat-apartamenty","9":"first","10":"instock","11":"sold-individually","12":"shipping-taxable","13":"purchasable","14":"product-type-phive_booking"},"acf":[],"_links":{"self":[{"href":"https:\/\/murter-online.com\/pl\/wp-json\/wp\/v2\/product\/53178","targetHints":{"allow":["GET"]}}],"collection":[{"href":"https:\/\/murter-online.com\/pl\/wp-json\/wp\/v2\/product"}],"about":[{"href":"https:\/\/murter-online.com\/pl\/wp-json\/wp\/v2\/types\/product"}],"wp:featuredmedia":[{"embeddable":true,"href":"https:\/\/murter-online.com\/pl\/wp-json\/wp\/v2\/media\/38949"}],"wp:attachment":[{"href":"https:\/\/murter-online.com\/pl\/wp-json\/wp\/v2\/media?parent=53178"}],"wp:term":[{"taxonomy":"product_brand","embeddable":true,"href":"https:\/\/murter-online.com\/pl\/wp-json\/wp\/v2\/product_brand?post=53178"},{"taxonomy":"product_cat","embeddable":true,"href":"https:\/\/murter-online.com\/pl\/wp-json\/wp\/v2\/product_cat?post=53178"},{"taxonomy":"product_tag","embeddable":true,"href":"https:\/\/murter-online.com\/pl\/wp-json\/wp\/v2\/product_tag?post=53178"}],"curies":[{"name":"wp","href":"https:\/\/api.w.org\/{rel}","templated":true}]}}