{"id":53183,"date":"2025-01-09T11:28:35","date_gmt":"2025-01-09T11:28:35","guid":{"rendered":"https:\/\/murter.riot.hr\/?post_type=product&#038;p=53183"},"modified":"2025-02-02T16:49:28","modified_gmt":"2025-02-02T16:49:28","slug":"apartament-z-pieknym-widokiem-na-morze-murter-podraduc-a3-id-291","status":"publish","type":"product","link":"https:\/\/murter-online.com\/pl\/produkt\/apartament-z-pieknym-widokiem-na-morze-murter-podraduc-a3-id-291\/","title":{"rendered":"Apartament z pi\u0119knym widokiem na morze Murter Podradu\u010d A3 ID 291"},"content":{"rendered":"","protected":false},"excerpt":{"rendered":"<p>Apartament z dwiema sypialniami z pi\u0119knym widokiem na morze i wyspy Kornati! Mieszkanie znajduje si\u0119 w doskona\u0142ej lokalizacji w Murter. Mieszkanie znajduje si\u0119 zaledwie 50 metr\u00f3w od morza. Przed apartamentem znajduje si\u0119 bezp\u0142atny parking. Mieszkanie wyposa\u017cone jest w klimatyzacj\u0119, bezprzewodowy dost\u0119p do Internetu, zmywark\u0119, pralk\u0119. Kuchnia jest w pe\u0142ni wyposa\u017cona.<\/p>\n","protected":false},"featured_media":39009,"template":"","meta":{"_acf_changed":false},"product_brand":[],"product_cat":[153,131,151],"product_tag":[],"class_list":{"0":"post-53183","1":"product","2":"type-product","3":"status-publish","4":"has-post-thumbnail","6":"product_cat-apartamenty-dla-rodzin","7":"product_cat-apartamenty","8":"product_cat-apartamenty-z-widokiem-na-morze","10":"first","11":"instock","12":"sold-individually","13":"shipping-taxable","14":"purchasable","15":"product-type-phive_booking"},"acf":[],"_links":{"self":[{"href":"https:\/\/murter-online.com\/pl\/wp-json\/wp\/v2\/product\/53183","targetHints":{"allow":["GET"]}}],"collection":[{"href":"https:\/\/murter-online.com\/pl\/wp-json\/wp\/v2\/product"}],"about":[{"href":"https:\/\/murter-online.com\/pl\/wp-json\/wp\/v2\/types\/product"}],"wp:featuredmedia":[{"embeddable":true,"href":"https:\/\/murter-online.com\/pl\/wp-json\/wp\/v2\/media\/39009"}],"wp:attachment":[{"href":"https:\/\/murter-online.com\/pl\/wp-json\/wp\/v2\/media?parent=53183"}],"wp:term":[{"taxonomy":"product_brand","embeddable":true,"href":"https:\/\/murter-online.com\/pl\/wp-json\/wp\/v2\/product_brand?post=53183"},{"taxonomy":"product_cat","embeddable":true,"href":"https:\/\/murter-online.com\/pl\/wp-json\/wp\/v2\/product_cat?post=53183"},{"taxonomy":"product_tag","embeddable":true,"href":"https:\/\/murter-online.com\/pl\/wp-json\/wp\/v2\/product_tag?post=53183"}],"curies":[{"name":"wp","href":"https:\/\/api.w.org\/{rel}","templated":true}]}}