{"id":53198,"date":"2025-01-09T12:44:27","date_gmt":"2025-01-09T12:44:27","guid":{"rendered":"https:\/\/murter.riot.hr\/?post_type=product&#038;p=53198"},"modified":"2025-02-02T17:14:56","modified_gmt":"2025-02-02T17:14:56","slug":"apartament-z-miejscem-do-cumowania-lodzi-murter-podvrske-a41-id-218","status":"publish","type":"product","link":"https:\/\/murter-online.com\/pl\/produkt\/apartament-z-miejscem-do-cumowania-lodzi-murter-podvrske-a41-id-218\/","title":{"rendered":"Apartament z miejscem do cumowania \u0142odzi Murter Podvr\u0161ke A4+1 ID 218"},"content":{"rendered":"","protected":false},"excerpt":{"rendered":"<p>Mieszkanie dla max. 5 os\u00f3b na \u015bwietnej pozycji w Murter. Apartament znajduje si\u0119 150 metr\u00f3w od morza i 350 metr\u00f3w od piaszczystej pla\u017cy Podvr\u0161ke. Miejsce do cumowania \u0142odzi jest wliczone w cen\u0119 apartamentu. Mieszkanie znajduje si\u0119 na pierwszym pi\u0119trze i ma widok na ogr\u00f3d. Kuchnia w pe\u0142ni wyposa\u017cona. Dla go\u015bci apartamentu dost\u0119pny jest bezp\u0142atny parking. Jest grill na \u015bwie\u017cym powietrzu, z kt\u00f3rego mo\u017cna korzysta\u0107.<\/p>\n","protected":false},"featured_media":39361,"template":"","meta":{"_acf_changed":false},"product_brand":[],"product_cat":[153,131,154],"product_tag":[],"class_list":{"0":"post-53198","1":"product","2":"type-product","3":"status-publish","4":"has-post-thumbnail","6":"product_cat-apartamenty-dla-rodzin","7":"product_cat-apartamenty","8":"product_cat-apartamenty-z-miejscem-do-cumowania-lodzi","10":"first","11":"instock","12":"sold-individually","13":"shipping-taxable","14":"purchasable","15":"product-type-phive_booking"},"acf":[],"_links":{"self":[{"href":"https:\/\/murter-online.com\/pl\/wp-json\/wp\/v2\/product\/53198","targetHints":{"allow":["GET"]}}],"collection":[{"href":"https:\/\/murter-online.com\/pl\/wp-json\/wp\/v2\/product"}],"about":[{"href":"https:\/\/murter-online.com\/pl\/wp-json\/wp\/v2\/types\/product"}],"wp:featuredmedia":[{"embeddable":true,"href":"https:\/\/murter-online.com\/pl\/wp-json\/wp\/v2\/media\/39361"}],"wp:attachment":[{"href":"https:\/\/murter-online.com\/pl\/wp-json\/wp\/v2\/media?parent=53198"}],"wp:term":[{"taxonomy":"product_brand","embeddable":true,"href":"https:\/\/murter-online.com\/pl\/wp-json\/wp\/v2\/product_brand?post=53198"},{"taxonomy":"product_cat","embeddable":true,"href":"https:\/\/murter-online.com\/pl\/wp-json\/wp\/v2\/product_cat?post=53198"},{"taxonomy":"product_tag","embeddable":true,"href":"https:\/\/murter-online.com\/pl\/wp-json\/wp\/v2\/product_tag?post=53198"}],"curies":[{"name":"wp","href":"https:\/\/api.w.org\/{rel}","templated":true}]}}