{"id":53208,"date":"2025-01-09T14:16:25","date_gmt":"2025-01-09T14:16:25","guid":{"rendered":"https:\/\/murter.riot.hr\/?post_type=product&#038;p=53208"},"modified":"2025-02-02T19:07:45","modified_gmt":"2025-02-02T19:07:45","slug":"apartament-z-basenem-w-murter-a42-id-285","status":"publish","type":"product","link":"https:\/\/murter-online.com\/pl\/produkt\/apartament-z-basenem-w-murter-a42-id-285\/","title":{"rendered":"Apartament z basenem w Murter A4+2 ID 285"},"content":{"rendered":"","protected":false},"excerpt":{"rendered":"<p>Apartament dla \u0142\u0105cznie 6 os\u00f3b doros\u0142ych znajduje si\u0119 na parterze domu. Apartament posiada dwie sypialnie, w kt\u00f3rych mog\u0105 spa\u0107 4 osoby doros\u0142e, w salonie znajduje si\u0119 dodatkowe \u0142\u00f3\u017cko (sofa), kt\u00f3re mo\u017cna wykorzysta\u0107 do spania. Mieszkanie ma dost\u0119p do prywatnego podw\u00f3rka z basenem. Przed apartamentem znajduje si\u0119 prysznic na zewn\u0105trz i grill. Parking dla samochodu znajduje si\u0119 przed domem. W apartamencie jest Wi-Fi oraz TV LCD 65&#8243; + PS4. Telewizory LCD znajduj\u0105 si\u0119 w sypialniach. Kuchnia wyposa\u017cona jest w ekspres Nespresso, toster, mikrofal\u00f3wk\u0119, czajnik, zmywark\u0119. W apartamencie znajduje si\u0119 pralka. Na \u017cyczenie dost\u0119pne jest \u0142\u00f3\u017ceczko i stolik do karmienia. Koszt sprz\u0105tania wynosi 60 \u20ac i nie jest wliczony w cen\u0119. Op\u0142ata klimatyczna wynosi 1,50 \u20ac i nie jest wliczona w cen\u0119. Dzieci do lat 12 s\u0105 zwolnione z op\u0142aty klimatycznej, dzieci w wieku od 12 do 18 lat p\u0142ac\u0105 50% ceny.<\/p>\n","protected":false},"featured_media":39589,"template":"","meta":{"_acf_changed":false},"product_brand":[],"product_cat":[152],"product_tag":[],"class_list":{"0":"post-53208","1":"product","2":"type-product","3":"status-publish","4":"has-post-thumbnail","6":"product_cat-apartamenty-z-basenem","8":"first","9":"instock","10":"sold-individually","11":"shipping-taxable","12":"purchasable","13":"product-type-phive_booking"},"acf":[],"_links":{"self":[{"href":"https:\/\/murter-online.com\/pl\/wp-json\/wp\/v2\/product\/53208","targetHints":{"allow":["GET"]}}],"collection":[{"href":"https:\/\/murter-online.com\/pl\/wp-json\/wp\/v2\/product"}],"about":[{"href":"https:\/\/murter-online.com\/pl\/wp-json\/wp\/v2\/types\/product"}],"wp:featuredmedia":[{"embeddable":true,"href":"https:\/\/murter-online.com\/pl\/wp-json\/wp\/v2\/media\/39589"}],"wp:attachment":[{"href":"https:\/\/murter-online.com\/pl\/wp-json\/wp\/v2\/media?parent=53208"}],"wp:term":[{"taxonomy":"product_brand","embeddable":true,"href":"https:\/\/murter-online.com\/pl\/wp-json\/wp\/v2\/product_brand?post=53208"},{"taxonomy":"product_cat","embeddable":true,"href":"https:\/\/murter-online.com\/pl\/wp-json\/wp\/v2\/product_cat?post=53208"},{"taxonomy":"product_tag","embeddable":true,"href":"https:\/\/murter-online.com\/pl\/wp-json\/wp\/v2\/product_tag?post=53208"}],"curies":[{"name":"wp","href":"https:\/\/api.w.org\/{rel}","templated":true}]}}