{"id":53215,"date":"2025-01-09T14:28:07","date_gmt":"2025-01-09T14:28:07","guid":{"rendered":"https:\/\/murter.riot.hr\/?post_type=product&#038;p=53215"},"modified":"2025-04-19T08:42:01","modified_gmt":"2025-04-19T07:42:01","slug":"apartament-z-widokiem-na-morze-a41-id-305","status":"publish","type":"product","link":"https:\/\/murter-online.com\/pl\/produkt\/apartament-z-widokiem-na-morze-a41-id-305\/","title":{"rendered":"Apartament wakacyjny z widokiem na morze Jakov Murter A4+1 ID 305"},"content":{"rendered":"","protected":false},"excerpt":{"rendered":"<p>Nowo wyremontowany apartament z pi\u0119knym widokiem na morze. Mieszkanie znajduje si\u0119 w \u015bwietnej lokalizacji, zaledwie 300 metr\u00f3w dzieli go od lokalnej pla\u017cy \u0141ukasza, pierwszego targu i placu zabaw dla dzieci. Piaszczysta pla\u017ca w Slanicy znajduje si\u0119 750 metr\u00f3w od apartamentu. Mieszkanie posiada dwie sypialnie, w kt\u00f3rych mog\u0105 nocowa\u0107 4 osoby doros\u0142e. Ka\u017cda sypialnia, kuchnia i salon s\u0105 klimatyzowane. W ka\u017cdej sypialni i salonie znajduje si\u0119 telewizor. Kuchnia jest w pe\u0142ni wyposa\u017cona. W apartamencie znajduje si\u0119 WiFi, bezp\u0142atny parking na podw\u00f3rzu domu, zmywarka. Przed domem znajduje si\u0119 grill, z kt\u00f3rego mo\u017cna korzysta\u0107 bezp\u0142atnie.<\/p>\n","protected":false},"featured_media":39797,"template":"","meta":{"_acf_changed":false},"product_brand":[],"product_cat":[153,131,151],"product_tag":[],"class_list":{"0":"post-53215","1":"product","2":"type-product","3":"status-publish","4":"has-post-thumbnail","6":"product_cat-apartamenty-dla-rodzin","7":"product_cat-apartamenty","8":"product_cat-apartamenty-z-widokiem-na-morze","10":"first","11":"instock","12":"sold-individually","13":"shipping-taxable","14":"purchasable","15":"product-type-phive_booking"},"acf":[],"_links":{"self":[{"href":"https:\/\/murter-online.com\/pl\/wp-json\/wp\/v2\/product\/53215","targetHints":{"allow":["GET"]}}],"collection":[{"href":"https:\/\/murter-online.com\/pl\/wp-json\/wp\/v2\/product"}],"about":[{"href":"https:\/\/murter-online.com\/pl\/wp-json\/wp\/v2\/types\/product"}],"wp:featuredmedia":[{"embeddable":true,"href":"https:\/\/murter-online.com\/pl\/wp-json\/wp\/v2\/media\/39797"}],"wp:attachment":[{"href":"https:\/\/murter-online.com\/pl\/wp-json\/wp\/v2\/media?parent=53215"}],"wp:term":[{"taxonomy":"product_brand","embeddable":true,"href":"https:\/\/murter-online.com\/pl\/wp-json\/wp\/v2\/product_brand?post=53215"},{"taxonomy":"product_cat","embeddable":true,"href":"https:\/\/murter-online.com\/pl\/wp-json\/wp\/v2\/product_cat?post=53215"},{"taxonomy":"product_tag","embeddable":true,"href":"https:\/\/murter-online.com\/pl\/wp-json\/wp\/v2\/product_tag?post=53215"}],"curies":[{"name":"wp","href":"https:\/\/api.w.org\/{rel}","templated":true}]}}