{"id":53222,"date":"2025-01-09T16:18:33","date_gmt":"2025-01-09T16:18:33","guid":{"rendered":"https:\/\/murter.riot.hr\/?post_type=product&#038;p=53222"},"modified":"2025-04-19T07:55:17","modified_gmt":"2025-04-19T06:55:17","slug":"apartament-z-widokiem-na-morze-murter-4-1-id-220","status":"publish","type":"product","link":"https:\/\/murter-online.com\/pl\/produkt\/apartament-z-widokiem-na-morze-murter-4-1-id-220\/","title":{"rendered":"Apartament wakacyjny Murter z widokiem na morze 4 + 1 ID 220"},"content":{"rendered":"","protected":false},"excerpt":{"rendered":"<p>Apartament z panoramicznym widokiem na morze w Murter. Mieszkanie posiada dwie sypialnie, w kt\u00f3rych mog\u0105 spa\u0107 4 osoby doros\u0142e, w salonie znajduje si\u0119 rozk\u0142adana sofa, kt\u00f3ra mo\u017ce by\u0107 wykorzystana do spania. Kuchnia w pe\u0142ni wyposa\u017cona. Dla go\u015bci apartamentu dost\u0119pny jest bezp\u0142atny parking na podw\u00f3rku. Jest grill na \u015bwie\u017cym powietrzu, z kt\u00f3rego mo\u017cna korzysta\u0107. Mieszkanie znajduje si\u0119 na \u015bwietnej pozycji. Miejska pla\u017ca Luke, piaszczysta pla\u017ca Slanica i centrum miasta znajduj\u0105 si\u0119 w odleg\u0142o\u015bci spaceru.Cennik obowi\u0105zuje dla 4 os\u00f3b.<\/p>\n","protected":false},"featured_media":39893,"template":"","meta":{"_acf_changed":false},"product_brand":[],"product_cat":[153,131,151],"product_tag":[],"class_list":{"0":"post-53222","1":"product","2":"type-product","3":"status-publish","4":"has-post-thumbnail","6":"product_cat-apartamenty-dla-rodzin","7":"product_cat-apartamenty","8":"product_cat-apartamenty-z-widokiem-na-morze","10":"first","11":"instock","12":"sold-individually","13":"shipping-taxable","14":"purchasable","15":"product-type-phive_booking"},"acf":[],"_links":{"self":[{"href":"https:\/\/murter-online.com\/pl\/wp-json\/wp\/v2\/product\/53222","targetHints":{"allow":["GET"]}}],"collection":[{"href":"https:\/\/murter-online.com\/pl\/wp-json\/wp\/v2\/product"}],"about":[{"href":"https:\/\/murter-online.com\/pl\/wp-json\/wp\/v2\/types\/product"}],"wp:featuredmedia":[{"embeddable":true,"href":"https:\/\/murter-online.com\/pl\/wp-json\/wp\/v2\/media\/39893"}],"wp:attachment":[{"href":"https:\/\/murter-online.com\/pl\/wp-json\/wp\/v2\/media?parent=53222"}],"wp:term":[{"taxonomy":"product_brand","embeddable":true,"href":"https:\/\/murter-online.com\/pl\/wp-json\/wp\/v2\/product_brand?post=53222"},{"taxonomy":"product_cat","embeddable":true,"href":"https:\/\/murter-online.com\/pl\/wp-json\/wp\/v2\/product_cat?post=53222"},{"taxonomy":"product_tag","embeddable":true,"href":"https:\/\/murter-online.com\/pl\/wp-json\/wp\/v2\/product_tag?post=53222"}],"curies":[{"name":"wp","href":"https:\/\/api.w.org\/{rel}","templated":true}]}}