{"id":53332,"date":"2025-02-03T06:33:59","date_gmt":"2025-02-03T05:33:59","guid":{"rendered":"https:\/\/murter.riot.hr\/?post_type=product&#038;p=53332"},"modified":"2025-05-01T20:03:10","modified_gmt":"2025-05-01T19:03:10","slug":"apartament-zutska-street-view-41-id-114","status":"publish","type":"product","link":"https:\/\/murter-online.com\/pl\/produkt\/apartament-zutska-street-view-41-id-114\/","title":{"rendered":"Apartament wakacyjny dla rodziny \u017dutska Street View Murter 4+1 ID 114"},"content":{"rendered":"","protected":false},"excerpt":{"rendered":"<p>Apartament znajduje si\u0119 tylko w doskona\u0142ej lokalizacji 250 m. od morza. Apartament wyposa\u017cony jest w tv, bezp\u0142atny klimatyzacja, odbiornik satelitarny, piekarnik. Apartament posiada \u0142azienk\u0119 z prysznicem. Jest pok\u00f3j dzienny, w kt\u00f3rym mo\u017cesz spa\u0107.. Powierzchnia mieszkalna ma 65 m2. a balkon \/ taras ma 10 m2. W apartamencie mo\u017ce spa\u0107 5 os\u00f3b na g\u0142\u00f3wnych \u0142\u00f3\u017ckach Apartament znajduje si\u0119 na pierwszym pi\u0119trze. Zwierz\u0119ta domowe &#8211; niedozwolone. apartament ma sw\u00f3j w\u0142asny bezp\u0142atny parking. Jest otwarty grill. Apartament jest 350 m. daleko od centrum i oko\u0142o 250 m. daleko od morza lub pierwszej pla\u017cy w Murter.<\/p>\n","protected":false},"featured_media":53229,"template":"","meta":{"_acf_changed":false},"product_brand":[],"product_cat":[153,131],"product_tag":[],"class_list":{"0":"post-53332","1":"product","2":"type-product","3":"status-publish","4":"has-post-thumbnail","6":"product_cat-apartamenty-dla-rodzin","7":"product_cat-apartamenty","9":"first","10":"instock","11":"sold-individually","12":"shipping-taxable","13":"purchasable","14":"product-type-phive_booking"},"acf":[],"_links":{"self":[{"href":"https:\/\/murter-online.com\/pl\/wp-json\/wp\/v2\/product\/53332","targetHints":{"allow":["GET"]}}],"collection":[{"href":"https:\/\/murter-online.com\/pl\/wp-json\/wp\/v2\/product"}],"about":[{"href":"https:\/\/murter-online.com\/pl\/wp-json\/wp\/v2\/types\/product"}],"wp:featuredmedia":[{"embeddable":true,"href":"https:\/\/murter-online.com\/pl\/wp-json\/wp\/v2\/media\/53229"}],"wp:attachment":[{"href":"https:\/\/murter-online.com\/pl\/wp-json\/wp\/v2\/media?parent=53332"}],"wp:term":[{"taxonomy":"product_brand","embeddable":true,"href":"https:\/\/murter-online.com\/pl\/wp-json\/wp\/v2\/product_brand?post=53332"},{"taxonomy":"product_cat","embeddable":true,"href":"https:\/\/murter-online.com\/pl\/wp-json\/wp\/v2\/product_cat?post=53332"},{"taxonomy":"product_tag","embeddable":true,"href":"https:\/\/murter-online.com\/pl\/wp-json\/wp\/v2\/product_tag?post=53332"}],"curies":[{"name":"wp","href":"https:\/\/api.w.org\/{rel}","templated":true}]}}