{"id":53482,"date":"2025-02-03T06:56:18","date_gmt":"2025-02-03T05:56:18","guid":{"rendered":"https:\/\/murter.riot.hr\/?post_type=product&#038;p=53482"},"modified":"2025-08-12T09:49:55","modified_gmt":"2025-08-12T08:49:55","slug":"dom-rybacki-plaza-podvrske-a2-id-324","status":"publish","type":"product","link":"https:\/\/murter-online.com\/pl\/produkt\/dom-rybacki-plaza-podvrske-a2-id-324\/","title":{"rendered":"Dom rybacki nad morzem Murter Podvr\u0161ke A2 ID 324"},"content":{"rendered":"","protected":false},"excerpt":{"rendered":"<p>Dom rybacki Pla\u017ca Podvr\u0161ke<\/p>\n","protected":false},"featured_media":53339,"template":"","meta":{"_acf_changed":false},"product_brand":[],"product_cat":[158,155],"product_tag":[],"class_list":{"0":"post-53482","1":"product","2":"type-product","3":"status-publish","4":"has-post-thumbnail","6":"product_cat-domki-rybackie","7":"product_cat-kawalerka","9":"first","10":"instock","11":"sold-individually","12":"shipping-taxable","13":"purchasable","14":"product-type-phive_booking"},"acf":[],"_links":{"self":[{"href":"https:\/\/murter-online.com\/pl\/wp-json\/wp\/v2\/product\/53482","targetHints":{"allow":["GET"]}}],"collection":[{"href":"https:\/\/murter-online.com\/pl\/wp-json\/wp\/v2\/product"}],"about":[{"href":"https:\/\/murter-online.com\/pl\/wp-json\/wp\/v2\/types\/product"}],"wp:featuredmedia":[{"embeddable":true,"href":"https:\/\/murter-online.com\/pl\/wp-json\/wp\/v2\/media\/53339"}],"wp:attachment":[{"href":"https:\/\/murter-online.com\/pl\/wp-json\/wp\/v2\/media?parent=53482"}],"wp:term":[{"taxonomy":"product_brand","embeddable":true,"href":"https:\/\/murter-online.com\/pl\/wp-json\/wp\/v2\/product_brand?post=53482"},{"taxonomy":"product_cat","embeddable":true,"href":"https:\/\/murter-online.com\/pl\/wp-json\/wp\/v2\/product_cat?post=53482"},{"taxonomy":"product_tag","embeddable":true,"href":"https:\/\/murter-online.com\/pl\/wp-json\/wp\/v2\/product_tag?post=53482"}],"curies":[{"name":"wp","href":"https:\/\/api.w.org\/{rel}","templated":true}]}}