{"id":53496,"date":"2025-01-08T17:18:20","date_gmt":"2025-01-08T17:18:20","guid":{"rendered":"https:\/\/murter.riot.hr\/?post_type=product&#038;p=53496"},"modified":"2025-07-18T07:27:56","modified_gmt":"2025-07-18T06:27:56","slug":"dom-branka-panorama-murter-a4-id-10","status":"publish","type":"product","link":"https:\/\/murter-online.com\/pl\/produkt\/dom-branka-panorama-murter-a4-id-10\/","title":{"rendered":"Apartament wakacyjny Panorama Murter A4 ID 10"},"content":{"rendered":"","protected":false},"excerpt":{"rendered":"<p>Widok na ocean Widok na ogr\u00f3d Widok na miasto Darmowe WiFi! Darmowy parking Powierzchnia apartamentu: 45 m\u00b2 W twojej prywatnej \u0142azience: Toaleta Wanna lub prysznic R\u0119czniki Papier toaletowy Widok: Widok na ocean Widok na ogr\u00f3d Widok miasta Widok na wewn\u0119trzny dziedziniec Udogodnienia w apartamencie: G\u00f3rne pi\u0119tra dost\u0119pne tylko schodami Po\u015bciel Bardzo d\u0142ugie \u0142\u00f3\u017cka (&gt; 6,5 stopy) Szafa lub szafa Zestaw do parzenia kawy i herbaty Klimatyzacja Pod\u0142ogi z twardego drewna lub parkietu Prywatne wej\u015bcie Siatka na komary Ogrzewanie Kuchnia Produkty czyszcz\u0105ce Lod\u00f3wka Maszyna do kawy kuchenka mikrofalowa Sprz\u0119t kuchenny Czajnik elektryczny\u00a0 P\u0142yta kuchenna St\u00f3\u0142 obiadowy Sofa Miejsce do siedzenia Jadalnia telewizor Kana\u0142y satelitarne Telewizor z p\u0142askim ekranem Kana\u0142y kablowe Balkon Taras Meble ogrodowe Jadalnia na \u015bwie\u017cym powietrzu Patio Grill Gniazdo przy \u0142\u00f3\u017cku Wieszak na ubrania Stojak do suszenia odzie\u017cy Parking: Bezp\u0142atny prywatny parking jest dost\u0119pny na miejscu (rezerwacja nie jest wymagana).<\/p>\n","protected":false},"featured_media":35411,"template":"","meta":{"_acf_changed":false},"product_brand":[],"product_cat":[153,131,151],"product_tag":[],"class_list":{"0":"post-53496","1":"product","2":"type-product","3":"status-publish","4":"has-post-thumbnail","6":"product_cat-apartamenty-dla-rodzin","7":"product_cat-apartamenty","8":"product_cat-apartamenty-z-widokiem-na-morze","10":"first","11":"instock","12":"sold-individually","13":"shipping-taxable","14":"purchasable","15":"product-type-phive_booking"},"acf":[],"_links":{"self":[{"href":"https:\/\/murter-online.com\/pl\/wp-json\/wp\/v2\/product\/53496","targetHints":{"allow":["GET"]}}],"collection":[{"href":"https:\/\/murter-online.com\/pl\/wp-json\/wp\/v2\/product"}],"about":[{"href":"https:\/\/murter-online.com\/pl\/wp-json\/wp\/v2\/types\/product"}],"wp:featuredmedia":[{"embeddable":true,"href":"https:\/\/murter-online.com\/pl\/wp-json\/wp\/v2\/media\/35411"}],"wp:attachment":[{"href":"https:\/\/murter-online.com\/pl\/wp-json\/wp\/v2\/media?parent=53496"}],"wp:term":[{"taxonomy":"product_brand","embeddable":true,"href":"https:\/\/murter-online.com\/pl\/wp-json\/wp\/v2\/product_brand?post=53496"},{"taxonomy":"product_cat","embeddable":true,"href":"https:\/\/murter-online.com\/pl\/wp-json\/wp\/v2\/product_cat?post=53496"},{"taxonomy":"product_tag","embeddable":true,"href":"https:\/\/murter-online.com\/pl\/wp-json\/wp\/v2\/product_tag?post=53496"}],"curies":[{"name":"wp","href":"https:\/\/api.w.org\/{rel}","templated":true}]}}