{"id":53500,"date":"2025-01-08T17:48:01","date_gmt":"2025-01-08T17:48:01","guid":{"rendered":"https:\/\/murter.riot.hr\/?post_type=product&#038;p=53500"},"modified":"2025-03-29T18:32:23","modified_gmt":"2025-03-29T17:32:23","slug":"rodzinny-dom-wakacyjny-w-murter-a42-id-272","status":"publish","type":"product","link":"https:\/\/murter-online.com\/pl\/produkt\/rodzinny-dom-wakacyjny-w-murter-a42-id-272\/","title":{"rendered":"Dom wakacyjny Murter noclegi A4+2 ID 272"},"content":{"rendered":"","protected":false},"excerpt":{"rendered":"<p>Ten uroczy rodzinny dom wakacyjny z dwiema sypialniami po\u0142o\u017cony jest w spokojnej i cichej okolicy w Murter. Jest to niezale\u017cny budynek z dwiema sypialniami, w kt\u00f3rych mog\u0105 spa\u0107 4 osoby doros\u0142e, w salonie znajduje si\u0119 dodatkowe \u0142\u00f3\u017cko (sofa) z mo\u017cliwo\u015bci\u0105 spania. Dom wyposa\u017cony jest w klimatyzacj\u0119, bezprzewodowy internet, telewizor, pralk\u0119. Kuchnia jest w pe\u0142ni wyposa\u017cona. Pla\u017ca Zdra\u010de w miejscowo\u015bci Betina oddalona jest od obiektu o 550 metr\u00f3w. Pla\u017ca jest odpowiednia dla dzieci. Centrum oddalone jest o 250 metr\u00f3w. Dom posiada pi\u0119kny ogrodzony taras i grill, z kt\u00f3rego mo\u017cna korzysta\u0107 bezp\u0142atnie. Posiada zadaszony parking, kt\u00f3ry jest wliczony w cen\u0119 mieszkania. Ten dom jest odpowiedni dla rodzin z dzie\u0107mi.<\/p>\n","protected":false},"featured_media":35471,"template":"","meta":{"_acf_changed":false},"product_brand":[],"product_cat":[153,131,157],"product_tag":[],"class_list":{"0":"post-53500","1":"product","2":"type-product","3":"status-publish","4":"has-post-thumbnail","6":"product_cat-apartamenty-dla-rodzin","7":"product_cat-apartamenty","8":"product_cat-domy-wakacyjne-wille","10":"first","11":"instock","12":"sold-individually","13":"shipping-taxable","14":"purchasable","15":"product-type-phive_booking"},"acf":[],"_links":{"self":[{"href":"https:\/\/murter-online.com\/pl\/wp-json\/wp\/v2\/product\/53500","targetHints":{"allow":["GET"]}}],"collection":[{"href":"https:\/\/murter-online.com\/pl\/wp-json\/wp\/v2\/product"}],"about":[{"href":"https:\/\/murter-online.com\/pl\/wp-json\/wp\/v2\/types\/product"}],"wp:featuredmedia":[{"embeddable":true,"href":"https:\/\/murter-online.com\/pl\/wp-json\/wp\/v2\/media\/35471"}],"wp:attachment":[{"href":"https:\/\/murter-online.com\/pl\/wp-json\/wp\/v2\/media?parent=53500"}],"wp:term":[{"taxonomy":"product_brand","embeddable":true,"href":"https:\/\/murter-online.com\/pl\/wp-json\/wp\/v2\/product_brand?post=53500"},{"taxonomy":"product_cat","embeddable":true,"href":"https:\/\/murter-online.com\/pl\/wp-json\/wp\/v2\/product_cat?post=53500"},{"taxonomy":"product_tag","embeddable":true,"href":"https:\/\/murter-online.com\/pl\/wp-json\/wp\/v2\/product_tag?post=53500"}],"curies":[{"name":"wp","href":"https:\/\/api.w.org\/{rel}","templated":true}]}}