{"id":53506,"date":"2025-01-08T17:57:53","date_gmt":"2025-01-08T17:57:53","guid":{"rendered":"https:\/\/murter.riot.hr\/?post_type=product&#038;p=53506"},"modified":"2025-03-29T18:45:43","modified_gmt":"2025-03-29T17:45:43","slug":"rodzinny-dom-wakacyjny-w-poblizu-plazy-slanica-a42","status":"publish","type":"product","link":"https:\/\/murter-online.com\/pl\/produkt\/rodzinny-dom-wakacyjny-w-poblizu-plazy-slanica-a42\/","title":{"rendered":"Dom wakacyjny w Murter niedaleko pla\u017cy Slanica A4+2"},"content":{"rendered":"","protected":false},"excerpt":{"rendered":"<p>Pi\u0119kny rodzinny dom wakacyjny w pobli\u017cu pla\u017cy Slanica. Dom po\u0142o\u017cony jest w spokojnym miejscu. Dom posiada dwie sypialnie, w kt\u00f3rych mog\u0105 nocowa\u0107 4 osoby doros\u0142e. W salonie znajduje si\u0119 jedno dodatkowe \u0142\u00f3\u017cko, na kt\u00f3rym mo\u017ce spa\u0107 1 osoba doros\u0142a lub 2 dzieci. Je\u015bli chcesz i\u015b\u0107 na pla\u017c\u0119 Slanica, zajmie to 4 minuty pieszo, je\u015bli chcesz i\u015b\u0107 do centrum, zajmie to 7-10 minut spacerem. Dom jest w pe\u0142ni wyposa\u017cony. Dom wyposa\u017cony jest w klimatyzacj\u0119, bezprzewodowy internet, czajnik i ekspres do kawy. W domu znajduje si\u0119 parking i grill, z kt\u00f3rego mo\u017cna korzysta\u0107 bezp\u0142atnie.<\/p>\n","protected":false},"featured_media":35672,"template":"","meta":{"_acf_changed":false},"product_brand":[],"product_cat":[153,131,157],"product_tag":[],"class_list":{"0":"post-53506","1":"product","2":"type-product","3":"status-publish","4":"has-post-thumbnail","6":"product_cat-apartamenty-dla-rodzin","7":"product_cat-apartamenty","8":"product_cat-domy-wakacyjne-wille","10":"first","11":"instock","12":"sold-individually","13":"shipping-taxable","14":"purchasable","15":"product-type-phive_booking"},"acf":[],"_links":{"self":[{"href":"https:\/\/murter-online.com\/pl\/wp-json\/wp\/v2\/product\/53506","targetHints":{"allow":["GET"]}}],"collection":[{"href":"https:\/\/murter-online.com\/pl\/wp-json\/wp\/v2\/product"}],"about":[{"href":"https:\/\/murter-online.com\/pl\/wp-json\/wp\/v2\/types\/product"}],"wp:featuredmedia":[{"embeddable":true,"href":"https:\/\/murter-online.com\/pl\/wp-json\/wp\/v2\/media\/35672"}],"wp:attachment":[{"href":"https:\/\/murter-online.com\/pl\/wp-json\/wp\/v2\/media?parent=53506"}],"wp:term":[{"taxonomy":"product_brand","embeddable":true,"href":"https:\/\/murter-online.com\/pl\/wp-json\/wp\/v2\/product_brand?post=53506"},{"taxonomy":"product_cat","embeddable":true,"href":"https:\/\/murter-online.com\/pl\/wp-json\/wp\/v2\/product_cat?post=53506"},{"taxonomy":"product_tag","embeddable":true,"href":"https:\/\/murter-online.com\/pl\/wp-json\/wp\/v2\/product_tag?post=53506"}],"curies":[{"name":"wp","href":"https:\/\/api.w.org\/{rel}","templated":true}]}}