{"id":53510,"date":"2025-01-08T18:35:58","date_gmt":"2025-01-08T18:35:58","guid":{"rendered":"https:\/\/murter.riot.hr\/?post_type=product&#038;p=53510"},"modified":"2025-03-29T09:18:34","modified_gmt":"2025-03-29T08:18:34","slug":"house-pool-podvrske-murter-1-a42","status":"publish","type":"product","link":"https:\/\/murter-online.com\/pl\/produkt\/house-pool-podvrske-murter-1-a42\/","title":{"rendered":"Dom mobilny z basenem Murter plaza Podvr\u0161ke 1 A4+2"},"content":{"rendered":"","protected":false},"excerpt":{"rendered":"<p>Apartman se nalazi na izvrsnoj lokaciji samo 200 metara udaljen od mora. Apartman ima povr\u0161inu od 35 m2. Ima dvije spava\u0107e sobe u kojima mogu spavati 4 odrasle osobe. Ima dnevni boravak, koji se mo\u017ee koristiti za spavanje &#8211; Ima pomo\u0107ni le\u017eaj za dvije osobe. Ima dvije kupaonice sa tu\u0161-kadom. Povr\u0161ina Balkon\/terase je 20 m2. Apartman se nalazi u prizemlju. Apartman je opremljen sa tv-om, klimom, satelitskim prijemnikom, besplatnim wifi internet priklju\u010dkom, perilicom su\u0111a. Parking je osiguran i uklju\u010den u cijenu. Apartman ima vez za \u010damac &#8211; koji mo\u017ee biti dodatno napla\u0107en. Postoji vanjski ro\u0161tilj koji se mo\u017ee koristiti. Apartman je oko 700 m. udaljen od centra mjesta a 200 m. od mora ili prve pla\u017ee u mjestu Murter. Ku\u0107ni ljubimci nisu dozvoljeni.<\/p>\n","protected":false},"featured_media":35732,"template":"","meta":{"_acf_changed":false},"product_brand":[],"product_cat":[153,131,159],"product_tag":[],"class_list":{"0":"post-53510","1":"product","2":"type-product","3":"status-publish","4":"has-post-thumbnail","6":"product_cat-apartamenty-dla-rodzin","7":"product_cat-apartamenty","8":"product_cat-mobilny-dom","10":"first","11":"instock","12":"sold-individually","13":"shipping-taxable","14":"purchasable","15":"product-type-phive_booking"},"acf":[],"_links":{"self":[{"href":"https:\/\/murter-online.com\/pl\/wp-json\/wp\/v2\/product\/53510","targetHints":{"allow":["GET"]}}],"collection":[{"href":"https:\/\/murter-online.com\/pl\/wp-json\/wp\/v2\/product"}],"about":[{"href":"https:\/\/murter-online.com\/pl\/wp-json\/wp\/v2\/types\/product"}],"wp:featuredmedia":[{"embeddable":true,"href":"https:\/\/murter-online.com\/pl\/wp-json\/wp\/v2\/media\/35732"}],"wp:attachment":[{"href":"https:\/\/murter-online.com\/pl\/wp-json\/wp\/v2\/media?parent=53510"}],"wp:term":[{"taxonomy":"product_brand","embeddable":true,"href":"https:\/\/murter-online.com\/pl\/wp-json\/wp\/v2\/product_brand?post=53510"},{"taxonomy":"product_cat","embeddable":true,"href":"https:\/\/murter-online.com\/pl\/wp-json\/wp\/v2\/product_cat?post=53510"},{"taxonomy":"product_tag","embeddable":true,"href":"https:\/\/murter-online.com\/pl\/wp-json\/wp\/v2\/product_tag?post=53510"}],"curies":[{"name":"wp","href":"https:\/\/api.w.org\/{rel}","templated":true}]}}