{"id":53515,"date":"2025-01-08T18:55:08","date_gmt":"2025-01-08T18:55:08","guid":{"rendered":"https:\/\/murter.riot.hr\/?post_type=product&#038;p=53515"},"modified":"2025-03-29T09:23:21","modified_gmt":"2025-03-29T08:23:21","slug":"apartament-house-pool-podvrske-murter-2-a42","status":"publish","type":"product","link":"https:\/\/murter-online.com\/pl\/produkt\/apartament-house-pool-podvrske-murter-2-a42\/","title":{"rendered":"Dom mobilny z basenem Murter plaza Podvr\u0161ke 2 A4+2"},"content":{"rendered":"","protected":false},"excerpt":{"rendered":"<p>Nowe apartment po\u0142o\u017cone w doskona\u0142ej lokalizacji zaledwie 200m. daleko od morza. Apartament wyposa\u017cony jest w TV, klimatyzacj\u0119, odbiornik satelitarny, zmywark\u0119, BEZP\u0141ATNE \u0142\u0105cze internetowe Wi-Fi. W mieszkaniu s\u0105 dwie \u0142azienki z kabin\u0105 prysznicow\u0105. Jest pok\u00f3j dzienny, w kt\u00f3rym mo\u017cna spa\u0107. Powierzchnia mieszkalna wynosi 35 m2. a balkon \/ taras ma 20 m2. Istniej\u0105 dwie sypialnie, w kt\u00f3rych mog\u0105 spa\u0107 4 osoby doros\u0142e. Apartament znajduje si\u0119 na parterze. Zwierz\u0119ta &#8211; niedozwolone. Apartment posiada w\u0142asny bezp\u0142atny parking. Apartament posiada w\u0142asn\u0105 przysta\u0144 dla \u0142odzi &#8211; za dodatkow\u0105 op\u0142at\u0105. Jest otwarty grill. Apartament ma 700m. daleko od centrum i oko\u0142o 200m. daleko od morza lub pierwszej pla\u017cy w Murter.<\/p>\n","protected":false},"featured_media":35861,"template":"","meta":{"_acf_changed":false},"product_brand":[],"product_cat":[153,152,159],"product_tag":[],"class_list":{"0":"post-53515","1":"product","2":"type-product","3":"status-publish","4":"has-post-thumbnail","6":"product_cat-apartamenty-dla-rodzin","7":"product_cat-apartamenty-z-basenem","8":"product_cat-mobilny-dom","10":"first","11":"instock","12":"sold-individually","13":"shipping-taxable","14":"purchasable","15":"product-type-phive_booking"},"acf":[],"_links":{"self":[{"href":"https:\/\/murter-online.com\/pl\/wp-json\/wp\/v2\/product\/53515","targetHints":{"allow":["GET"]}}],"collection":[{"href":"https:\/\/murter-online.com\/pl\/wp-json\/wp\/v2\/product"}],"about":[{"href":"https:\/\/murter-online.com\/pl\/wp-json\/wp\/v2\/types\/product"}],"wp:featuredmedia":[{"embeddable":true,"href":"https:\/\/murter-online.com\/pl\/wp-json\/wp\/v2\/media\/35861"}],"wp:attachment":[{"href":"https:\/\/murter-online.com\/pl\/wp-json\/wp\/v2\/media?parent=53515"}],"wp:term":[{"taxonomy":"product_brand","embeddable":true,"href":"https:\/\/murter-online.com\/pl\/wp-json\/wp\/v2\/product_brand?post=53515"},{"taxonomy":"product_cat","embeddable":true,"href":"https:\/\/murter-online.com\/pl\/wp-json\/wp\/v2\/product_cat?post=53515"},{"taxonomy":"product_tag","embeddable":true,"href":"https:\/\/murter-online.com\/pl\/wp-json\/wp\/v2\/product_tag?post=53515"}],"curies":[{"name":"wp","href":"https:\/\/api.w.org\/{rel}","templated":true}]}}