{"id":53520,"date":"2025-01-08T19:16:26","date_gmt":"2025-01-08T19:16:26","guid":{"rendered":"https:\/\/murter.riot.hr\/?post_type=product&#038;p=53520"},"modified":"2025-02-03T12:58:02","modified_gmt":"2025-02-03T12:58:02","slug":"luksusowy-apartament-w-murter-z-widokiem-na-morze-a42-id-287","status":"publish","type":"product","link":"https:\/\/murter-online.com\/pl\/produkt\/luksusowy-apartament-w-murter-z-widokiem-na-morze-a42-id-287\/","title":{"rendered":"Luksusowy apartament w Murter z widokiem na morze A4+2 ID 287"},"content":{"rendered":"","protected":false},"excerpt":{"rendered":"<p>Dwupoziomowe apartament w doskona\u0142ej lokalizacji! Apartament sk\u0142ada si\u0119 z przestronnego salonu po\u0142\u0105czonego z du\u017cym open space z kuchni\u0105, jadalni\u0105 i toalet\u0105, na pi\u0119trze s\u0105 dwa pokoje z jedn\u0105 \u0142azienk\u0105. Z mieszkania jest wyj\u015bcie na ma\u0142e podw\u00f3rko ze sto\u0142em, krzes\u0142ami i grillem, kt\u00f3re dzieli z innym mieszkaniem. \u0141\u0105cznie w apartamencie mo\u017ce przebywa\u0107 6 os\u00f3b doros\u0142ych. Go\u015bcie apartamentu nie maj\u0105 prawa korzysta\u0107 z basenu. Parking dla samochodu znajduje si\u0119 przed apartamentem. Mieszkanie posiada klimatyzacj\u0119 &#8211; 3 sztuki, Wi-Fi, telewizor LCD 65&#8242; + PS4. W sypialniach telewizor LCD. Kuchnia wyposa\u017cona jest w: ekspres do kawy Nespresso, toster, mikrofal\u00f3wk\u0119, czajnik, zmywark\u0119. W mieszkaniu jest pralka. \u0141\u00f3\u017ceczko dzieci\u0119ce i karmnik dost\u0119pne s\u0105 na \u017cyczenie. Koszt sprz\u0105tania wynosi 60 \u20ac i nie jest wliczony w cen\u0119. Op\u0142ata klimatyczna wynosi 1,50 \u20ac i nie jest wliczona w cen\u0119. Dzieci do lat 12 s\u0105 zwolnione z op\u0142aty klimatycznej, dzieci w wieku od 12 do 18 lat p\u0142ac\u0105 50% ceny.<\/p>\n","protected":false},"featured_media":36041,"template":"","meta":{"_acf_changed":false},"product_brand":[],"product_cat":[152],"product_tag":[],"class_list":{"0":"post-53520","1":"product","2":"type-product","3":"status-publish","4":"has-post-thumbnail","6":"product_cat-apartamenty-z-basenem","8":"first","9":"instock","10":"sold-individually","11":"shipping-taxable","12":"purchasable","13":"product-type-phive_booking"},"acf":[],"_links":{"self":[{"href":"https:\/\/murter-online.com\/pl\/wp-json\/wp\/v2\/product\/53520","targetHints":{"allow":["GET"]}}],"collection":[{"href":"https:\/\/murter-online.com\/pl\/wp-json\/wp\/v2\/product"}],"about":[{"href":"https:\/\/murter-online.com\/pl\/wp-json\/wp\/v2\/types\/product"}],"wp:featuredmedia":[{"embeddable":true,"href":"https:\/\/murter-online.com\/pl\/wp-json\/wp\/v2\/media\/36041"}],"wp:attachment":[{"href":"https:\/\/murter-online.com\/pl\/wp-json\/wp\/v2\/media?parent=53520"}],"wp:term":[{"taxonomy":"product_brand","embeddable":true,"href":"https:\/\/murter-online.com\/pl\/wp-json\/wp\/v2\/product_brand?post=53520"},{"taxonomy":"product_cat","embeddable":true,"href":"https:\/\/murter-online.com\/pl\/wp-json\/wp\/v2\/product_cat?post=53520"},{"taxonomy":"product_tag","embeddable":true,"href":"https:\/\/murter-online.com\/pl\/wp-json\/wp\/v2\/product_tag?post=53520"}],"curies":[{"name":"wp","href":"https:\/\/api.w.org\/{rel}","templated":true}]}}