{"id":53530,"date":"2025-01-08T20:24:21","date_gmt":"2025-01-08T20:24:21","guid":{"rendered":"https:\/\/murter.riot.hr\/?post_type=product&#038;p=53530"},"modified":"2025-03-29T09:57:23","modified_gmt":"2025-03-29T08:57:23","slug":"domek-mobilny-na-plazy-slanica-a41-id-265","status":"publish","type":"product","link":"https:\/\/murter-online.com\/pl\/produkt\/domek-mobilny-na-plazy-slanica-a41-id-265\/","title":{"rendered":"Domek mobilny na pla\u017cy Murter plaza Slanica A4+1 ID 265"},"content":{"rendered":"","protected":false},"excerpt":{"rendered":"<p>Ta przyczepa stacjonarna znajduje si\u0119 w pobli\u017cu najs\u0142ynniejszej piaszczystej pla\u017cy w Murter, Slanica. Ten dom ma dwie sypialnie, w kt\u00f3rych mog\u0105 spa\u0107 4 osoby doros\u0142e, jest dodatkowe \u0142\u00f3\u017cko w salonie (sofa), kt\u00f3re mo\u017cna wykorzysta\u0107 do spania. Dom wyposa\u017cony jest w zmywark\u0119, pralk\u0119, internet Wi-Fi, czajnik. Kuchnia jest w pe\u0142ni wyposa\u017cona. Parking jest wliczony w cen\u0119 apartamentu. Na zewn\u0105trz znajduje si\u0119 grill, z kt\u00f3rego mo\u017cna korzysta\u0107 bezp\u0142atnie.<\/p>\n","protected":false},"featured_media":36745,"template":"","meta":{"_acf_changed":false},"product_brand":[],"product_cat":[153,151,159],"product_tag":[],"class_list":{"0":"post-53530","1":"product","2":"type-product","3":"status-publish","4":"has-post-thumbnail","6":"product_cat-apartamenty-dla-rodzin","7":"product_cat-apartamenty-z-widokiem-na-morze","8":"product_cat-mobilny-dom","10":"first","11":"instock","12":"sold-individually","13":"shipping-taxable","14":"purchasable","15":"product-type-phive_booking"},"acf":[],"_links":{"self":[{"href":"https:\/\/murter-online.com\/pl\/wp-json\/wp\/v2\/product\/53530","targetHints":{"allow":["GET"]}}],"collection":[{"href":"https:\/\/murter-online.com\/pl\/wp-json\/wp\/v2\/product"}],"about":[{"href":"https:\/\/murter-online.com\/pl\/wp-json\/wp\/v2\/types\/product"}],"wp:featuredmedia":[{"embeddable":true,"href":"https:\/\/murter-online.com\/pl\/wp-json\/wp\/v2\/media\/36745"}],"wp:attachment":[{"href":"https:\/\/murter-online.com\/pl\/wp-json\/wp\/v2\/media?parent=53530"}],"wp:term":[{"taxonomy":"product_brand","embeddable":true,"href":"https:\/\/murter-online.com\/pl\/wp-json\/wp\/v2\/product_brand?post=53530"},{"taxonomy":"product_cat","embeddable":true,"href":"https:\/\/murter-online.com\/pl\/wp-json\/wp\/v2\/product_cat?post=53530"},{"taxonomy":"product_tag","embeddable":true,"href":"https:\/\/murter-online.com\/pl\/wp-json\/wp\/v2\/product_tag?post=53530"}],"curies":[{"name":"wp","href":"https:\/\/api.w.org\/{rel}","templated":true}]}}