{"id":53542,"date":"2025-01-08T21:18:59","date_gmt":"2025-01-08T21:18:59","guid":{"rendered":"https:\/\/murter.riot.hr\/?post_type=product&#038;p=53542"},"modified":"2025-02-03T16:22:15","modified_gmt":"2025-02-03T16:22:15","slug":"dom-mobilny-murter-slanica-a4-1-id-76","status":"publish","type":"product","link":"https:\/\/murter-online.com\/pl\/produkt\/dom-mobilny-murter-slanica-a4-1-id-76\/","title":{"rendered":"Dom mobilny Murter Slanica A4 + 1 ID 76"},"content":{"rendered":"","protected":false},"excerpt":{"rendered":"<p>Przyczepa stacjonarna znajduje si\u0119 zaledwie 30 metr\u00f3w od morza i 200 metr\u00f3w od piaszczystej pla\u017cy Slanica. Dom posiada dwie sypialnie, jedn\u0105 z podw\u00f3jnym \u0142\u00f3\u017ckiem (160&#215;200) i pok\u00f3j z dwoma pojedynczymi \u0142\u00f3\u017ckami (80&#215;200). W salonie znajduje si\u0119 naro\u017cnik, kt\u00f3ry s\u0142u\u017cy jako dodatkowe \u0142\u00f3\u017cko dla jednej osoby doros\u0142ej lub dw\u00f3jki ma\u0142ych dzieci. W salonie telewizja satelitarna, bezp\u0142atny internet, klimatyzacja do ch\u0142odzenia i ogrzewania. Na tarasie znajduje si\u0119 st\u00f3\u0142 z krzes\u0142ami i le\u017cakiem do opalania i podziwiania pi\u0119knego widoku na archipelag Kornati i pla\u017c\u0119 Slanica. Miejsce parkingowe znajduje si\u0119 w pobli\u017cu domu.<\/p>\n","protected":false},"featured_media":37125,"template":"","meta":{"_acf_changed":false},"product_brand":[],"product_cat":[153,131,151,159],"product_tag":[],"class_list":{"0":"post-53542","1":"product","2":"type-product","3":"status-publish","4":"has-post-thumbnail","6":"product_cat-apartamenty-dla-rodzin","7":"product_cat-apartamenty","8":"product_cat-apartamenty-z-widokiem-na-morze","9":"product_cat-mobilny-dom","11":"first","12":"instock","13":"sold-individually","14":"shipping-taxable","15":"purchasable","16":"product-type-phive_booking"},"acf":[],"_links":{"self":[{"href":"https:\/\/murter-online.com\/pl\/wp-json\/wp\/v2\/product\/53542","targetHints":{"allow":["GET"]}}],"collection":[{"href":"https:\/\/murter-online.com\/pl\/wp-json\/wp\/v2\/product"}],"about":[{"href":"https:\/\/murter-online.com\/pl\/wp-json\/wp\/v2\/types\/product"}],"wp:featuredmedia":[{"embeddable":true,"href":"https:\/\/murter-online.com\/pl\/wp-json\/wp\/v2\/media\/37125"}],"wp:attachment":[{"href":"https:\/\/murter-online.com\/pl\/wp-json\/wp\/v2\/media?parent=53542"}],"wp:term":[{"taxonomy":"product_brand","embeddable":true,"href":"https:\/\/murter-online.com\/pl\/wp-json\/wp\/v2\/product_brand?post=53542"},{"taxonomy":"product_cat","embeddable":true,"href":"https:\/\/murter-online.com\/pl\/wp-json\/wp\/v2\/product_cat?post=53542"},{"taxonomy":"product_tag","embeddable":true,"href":"https:\/\/murter-online.com\/pl\/wp-json\/wp\/v2\/product_tag?post=53542"}],"curies":[{"name":"wp","href":"https:\/\/api.w.org\/{rel}","templated":true}]}}