{"id":53547,"date":"2025-01-08T21:33:51","date_gmt":"2025-01-08T21:33:51","guid":{"rendered":"https:\/\/murter.riot.hr\/?post_type=product&#038;p=53547"},"modified":"2025-04-19T19:13:16","modified_gmt":"2025-04-19T18:13:16","slug":"willa-renata-apartment-a4-id-17","status":"publish","type":"product","link":"https:\/\/murter-online.com\/pl\/produkt\/willa-renata-apartment-a4-id-17\/","title":{"rendered":"Apartment z basenem w willi Murter A4 ID 17"},"content":{"rendered":"","protected":false},"excerpt":{"rendered":"<p>Odleg\u0142o\u015b\u0107 od morza: 200m, Odleg\u0142o\u015b\u0107 od centrum: 600m, Odleg\u0142o\u015b\u0107 od pla\u017cy: 200m, Liczba os\u00f3b: 4 Liczba pokoji: 2, Liczba \u0142azienek: 1, Powierzchnia: 50m2, Telewizja satelitarna Klimatyzacja Rozk\u0142ad wn\u0119trz: Salon i kuchnia s\u0105 po\u0142\u0105czone Liczba sypialni z \u0142\u00f3\u017ckiem ma\u0142\u017ce\u0144skim: 2,Liczba \u0142azienek z prysznicem i ubikacj\u0105: 1,Wielko\u015b\u0107 tarasu: 12m2 Wyposa\u017cenie wynajmowanej jednostki: Klimatyzacja,Telewizja satelitarna,Pralka, Lod\u00f3wka,Piecyk do gotowania,Telewizja,Ogrzewanie,Radio\/CD,Zmywarka do naczy\u0144,Internet,Grill, Po\u0142o\u017cenie i wygl\u0105d zewn\u0119trzny wynajmowanego obiektu: Widok na morze, Wsp\u00f3lne wej\u015bcie,Pierwsze pi\u0119tro, Dodatkowe informacje: Wej\u015bcie od : 14sati,Wyj\u015bcie do: 10sati, Zwierz\u0119ta niedozwolone,Palenie dozwolone, Cena obejmuje: Tygodniowa zmiana po\u015bcieli,R\u0119czniki,Naczynia i sztu\u0107ce,Zu\u017cycie pr\u0105du, wody i gazu,\u015arodki i narz\u0119dzia czysto\u015bci,Papier toaletowy (w dniu przyjazdu). Sprz\u0105tanie ko\u0144cowe jest dodatkowo p\u0142atne 50,00 euro. Kaucja w przypadku uszkodze\u0144 wynosi 150,00 euro.<\/p>\n","protected":false},"featured_media":37233,"template":"","meta":{"_acf_changed":false},"product_brand":[],"product_cat":[152],"product_tag":[],"class_list":{"0":"post-53547","1":"product","2":"type-product","3":"status-publish","4":"has-post-thumbnail","6":"product_cat-apartamenty-z-basenem","8":"first","9":"instock","10":"sold-individually","11":"shipping-taxable","12":"purchasable","13":"product-type-phive_booking"},"acf":[],"_links":{"self":[{"href":"https:\/\/murter-online.com\/pl\/wp-json\/wp\/v2\/product\/53547","targetHints":{"allow":["GET"]}}],"collection":[{"href":"https:\/\/murter-online.com\/pl\/wp-json\/wp\/v2\/product"}],"about":[{"href":"https:\/\/murter-online.com\/pl\/wp-json\/wp\/v2\/types\/product"}],"wp:featuredmedia":[{"embeddable":true,"href":"https:\/\/murter-online.com\/pl\/wp-json\/wp\/v2\/media\/37233"}],"wp:attachment":[{"href":"https:\/\/murter-online.com\/pl\/wp-json\/wp\/v2\/media?parent=53547"}],"wp:term":[{"taxonomy":"product_brand","embeddable":true,"href":"https:\/\/murter-online.com\/pl\/wp-json\/wp\/v2\/product_brand?post=53547"},{"taxonomy":"product_cat","embeddable":true,"href":"https:\/\/murter-online.com\/pl\/wp-json\/wp\/v2\/product_cat?post=53547"},{"taxonomy":"product_tag","embeddable":true,"href":"https:\/\/murter-online.com\/pl\/wp-json\/wp\/v2\/product_tag?post=53547"}],"curies":[{"name":"wp","href":"https:\/\/api.w.org\/{rel}","templated":true}]}}