{"id":53705,"date":"2025-01-06T14:51:23","date_gmt":"2025-01-06T14:51:23","guid":{"rendered":"https:\/\/murter.riot.hr\/?post_type=product&#038;p=53705"},"modified":"2025-03-28T12:03:06","modified_gmt":"2025-03-28T11:03:06","slug":"dom-rybaka-kornati-zatoka-koromasna-a42","status":"publish","type":"product","link":"https:\/\/murter-online.com\/pl\/produkt\/dom-rybaka-kornati-zatoka-koromasna-a42\/","title":{"rendered":"Kamienny dom Robinsona Kornati \u2013 zatoka Koroma\u0161na A4+3"},"content":{"rendered":"","protected":false},"excerpt":{"rendered":"<div align=\"center\">\n<div class=\"max_width\" align=\"left\">\n<div>\n<div>Dom rybaka znajduje si\u0119 na wyspie Kornat &#8211; zatoce Koroma\u0161na. Dom posiada dwie sypialnie z podw\u00f3jnym \u0142\u00f3\u017ckiem i dwoma pojedynczymi \u0142\u00f3\u017ckami w ka\u017cdym pokoju. W domu znajduje si\u0119 pok\u00f3j dzienny, kt\u00f3ry mo\u017ce s\u0142u\u017cy\u0107 do spania. Dom wyposa\u017cony jest w lod\u00f3wk\u0119, kuchenk\u0119, naczynia do gotowania i jedzenia. W domu znajduje si\u0119 \u0142azienka z prysznicem i toalet\u0105. Rodzaj o\u015bwietlenia &#8211; energia s\u0142oneczna, pr\u0105d to 12V. Dom znajduje si\u0119 na parterze. Dom znajduje si\u0119 150 metr\u00f3w od morza. Dom posiada w\u0142asne miejsce do cumowania, z kt\u00f3rego mo\u017cna korzysta\u0107 bezp\u0142atnie. Zwierz\u0119ta s\u0105 akceptowane za dodatkow\u0105 op\u0142at\u0105. Parking jest zapewniony i bezp\u0142atny na wyspie Murter. Na zewn\u0105trz znajduje si\u0119 grill, z kt\u00f3rego mo\u017cna korzysta\u0107 bezp\u0142atnie. Woda jest z cysterny. Transfer z Murter kosztuje 100 euro.<\/div>\n<\/div>\n<\/div>\n<\/div>\n<div align=\"center\"><\/div>\n","protected":false},"featured_media":32064,"template":"","meta":{"_acf_changed":false},"product_brand":[],"product_cat":[158],"product_tag":[],"class_list":{"0":"post-53705","1":"product","2":"type-product","3":"status-publish","4":"has-post-thumbnail","6":"product_cat-domki-rybackie","8":"first","9":"instock","10":"sold-individually","11":"shipping-taxable","12":"purchasable","13":"product-type-phive_booking"},"acf":[],"_links":{"self":[{"href":"https:\/\/murter-online.com\/pl\/wp-json\/wp\/v2\/product\/53705","targetHints":{"allow":["GET"]}}],"collection":[{"href":"https:\/\/murter-online.com\/pl\/wp-json\/wp\/v2\/product"}],"about":[{"href":"https:\/\/murter-online.com\/pl\/wp-json\/wp\/v2\/types\/product"}],"wp:featuredmedia":[{"embeddable":true,"href":"https:\/\/murter-online.com\/pl\/wp-json\/wp\/v2\/media\/32064"}],"wp:attachment":[{"href":"https:\/\/murter-online.com\/pl\/wp-json\/wp\/v2\/media?parent=53705"}],"wp:term":[{"taxonomy":"product_brand","embeddable":true,"href":"https:\/\/murter-online.com\/pl\/wp-json\/wp\/v2\/product_brand?post=53705"},{"taxonomy":"product_cat","embeddable":true,"href":"https:\/\/murter-online.com\/pl\/wp-json\/wp\/v2\/product_cat?post=53705"},{"taxonomy":"product_tag","embeddable":true,"href":"https:\/\/murter-online.com\/pl\/wp-json\/wp\/v2\/product_tag?post=53705"}],"curies":[{"name":"wp","href":"https:\/\/api.w.org\/{rel}","templated":true}]}}