{"id":53715,"date":"2025-01-06T15:00:42","date_gmt":"2025-01-06T15:00:42","guid":{"rendered":"https:\/\/murter.riot.hr\/?post_type=product&#038;p=53715"},"modified":"2025-07-21T10:51:22","modified_gmt":"2025-07-21T09:51:22","slug":"dom-rybaka-murter-zatoka-doca-a2-id-99","status":"publish","type":"product","link":"https:\/\/murter-online.com\/pl\/produkt\/dom-rybaka-murter-zatoka-doca-a2-id-99\/","title":{"rendered":"Dom rybacki v Murter &#8211; zatoka Doca A2 ID 99"},"content":{"rendered":"","protected":false},"excerpt":{"rendered":"<p>Dom rybacki jest urz\u0105dzony w prosty spos\u00f3b, posiada p\u0142yt\u0119 solarn\u0105 pozwalaj\u0105c\u0105 uzyska\u0107 pr\u0105d 12 V. Potrzebny jest adapter (zwykle \u0142adowarka samochodowa). Domy rybackie maj\u0105 zbiorniki z wod\u0105 (jest wystarczaj\u0105co du\u017co wody, o ile si\u0119 jej racjonalnie u\u017cywa). \u0141AZIENKA + WC. Brak ciep\u0142ej wody, prysznic na zewn\u0105trz (zbiornik na wod\u0119 lub solar torba ogrzewane przez s\u0142o\u0144ce). KUCHNIA: Lod\u00f3wka i palnik s\u0105 na gaz. Prysznic znajduje si\u0119 poza domem i jest ogrzewany energi\u0105 s\u0142oneczn\u0105. Dom Rybaka ma w\u0142asny parking przed domem w\u0142a\u015bcicieli w Murter. Jest otwarty grill. Robinson dom z widokiem na morze. Balkon\/taras ma powierzchni\u0119 30 m2. Jest pok\u00f3j dzienny. Pobyt ze zwierz\u0119tami domowymi po uprzednim um\u00f3wieniu.. Robinson dom znajduje si\u0119 na pierwszym pi\u0119trze domu.<\/p>\n","protected":false},"featured_media":32196,"template":"","meta":{"_acf_changed":false},"product_brand":[],"product_cat":[151,158],"product_tag":[],"class_list":{"0":"post-53715","1":"product","2":"type-product","3":"status-publish","4":"has-post-thumbnail","6":"product_cat-apartamenty-z-widokiem-na-morze","7":"product_cat-domki-rybackie","9":"first","10":"instock","11":"sold-individually","12":"shipping-taxable","13":"purchasable","14":"product-type-phive_booking"},"acf":[],"_links":{"self":[{"href":"https:\/\/murter-online.com\/pl\/wp-json\/wp\/v2\/product\/53715","targetHints":{"allow":["GET"]}}],"collection":[{"href":"https:\/\/murter-online.com\/pl\/wp-json\/wp\/v2\/product"}],"about":[{"href":"https:\/\/murter-online.com\/pl\/wp-json\/wp\/v2\/types\/product"}],"wp:featuredmedia":[{"embeddable":true,"href":"https:\/\/murter-online.com\/pl\/wp-json\/wp\/v2\/media\/32196"}],"wp:attachment":[{"href":"https:\/\/murter-online.com\/pl\/wp-json\/wp\/v2\/media?parent=53715"}],"wp:term":[{"taxonomy":"product_brand","embeddable":true,"href":"https:\/\/murter-online.com\/pl\/wp-json\/wp\/v2\/product_brand?post=53715"},{"taxonomy":"product_cat","embeddable":true,"href":"https:\/\/murter-online.com\/pl\/wp-json\/wp\/v2\/product_cat?post=53715"},{"taxonomy":"product_tag","embeddable":true,"href":"https:\/\/murter-online.com\/pl\/wp-json\/wp\/v2\/product_tag?post=53715"}],"curies":[{"name":"wp","href":"https:\/\/api.w.org\/{rel}","templated":true}]}}