{"id":53720,"date":"2025-01-06T15:05:58","date_gmt":"2025-01-06T15:05:58","guid":{"rendered":"https:\/\/murter.riot.hr\/?post_type=product&#038;p=53720"},"modified":"2025-08-12T09:45:58","modified_gmt":"2025-08-12T08:45:58","slug":"dom-rybacki-murter-plaza-doca-a2-2-id-96","status":"publish","type":"product","link":"https:\/\/murter-online.com\/pl\/produkt\/dom-rybacki-murter-plaza-doca-a2-2-id-96\/","title":{"rendered":"Dom robinson Murter Pla\u017ca Doca A2 + 2 ID 96"},"content":{"rendered":"","protected":false},"excerpt":{"rendered":"<div align=\"center\">\n<div class=\"max_width\" align=\"left\">\n<div>\n<div>Dom rybacki jest urz\u0105dzony w prosty spos\u00f3b, posiada p\u0142yt\u0119 solarn\u0105 pozwalaj\u0105c\u0105 uzyska\u0107 pr\u0105d 12 V. Potrzebny jest adapter (zwykle \u0142adowarka samochodowa). Domy rybackie maj\u0105 zbiorniki z wod\u0105 (jest wystarczaj\u0105co du\u017co wody, o ile si\u0119 jej racjonalnie u\u017cywa). \u0141AZIENKA + WC. Brak ciep\u0142ej wody, prysznic na zewn\u0105trz (zbiornik na wod\u0119 lub solar torba ogrzewane przez s\u0142o\u0144ce). KUCHNIA: Lod\u00f3wka i palnik s\u0105 na gaz. Prysznic znajduje si\u0119 poza domem i jest ogrzewany energi\u0105 s\u0142oneczn\u0105. Dom Rybaka ma w\u0142asny parking przed domem w\u0142a\u015bcicieli w Murter. Dom posiada w\u0142asn\u0105 przysta\u0144. Jest otwarty grill. Robinson dom z widokiem na morze. Refrigerator and stove are GAS OPERATED. 1500 m from parking (20 min walking) Transfer with the boat (gratis)Mieszkanie znajduje si\u0119 15 minut spacerem do pla\u017cy \u010cigra\u0111a. Od centrum miasta jest 25 minut spacerem. ELECTRICITY IS SOLAR &#8211; 12 volts &#8211; adapter is required. WATER &#8211; (free falling from water-tank, which is filled with hand pump or with buckets from main water tank.) There is sufficient water, but it must be used with reasonable care. BATHROOM + WC. NO WARM water,OUTSIDE SHOWER (water tank or solar bag heated by the sun ) piekarnik. Balkon\/taras ma powierzchni\u0119 20 m2. Jest pok\u00f3j dzienny. Zwierz\u0119ta domowe s\u0105 dozwolone. Robinson dom znajduje si\u0119 na pierwszym pi\u0119trze domu.<\/div>\n<\/div>\n<\/div>\n<\/div>\n<div align=\"center\"><\/div>\n","protected":false},"featured_media":32324,"template":"","meta":{"_acf_changed":false},"product_brand":[],"product_cat":[151,158],"product_tag":[],"class_list":{"0":"post-53720","1":"product","2":"type-product","3":"status-publish","4":"has-post-thumbnail","6":"product_cat-apartamenty-z-widokiem-na-morze","7":"product_cat-domki-rybackie","9":"first","10":"instock","11":"sold-individually","12":"shipping-taxable","13":"purchasable","14":"product-type-phive_booking"},"acf":[],"_links":{"self":[{"href":"https:\/\/murter-online.com\/pl\/wp-json\/wp\/v2\/product\/53720","targetHints":{"allow":["GET"]}}],"collection":[{"href":"https:\/\/murter-online.com\/pl\/wp-json\/wp\/v2\/product"}],"about":[{"href":"https:\/\/murter-online.com\/pl\/wp-json\/wp\/v2\/types\/product"}],"wp:featuredmedia":[{"embeddable":true,"href":"https:\/\/murter-online.com\/pl\/wp-json\/wp\/v2\/media\/32324"}],"wp:attachment":[{"href":"https:\/\/murter-online.com\/pl\/wp-json\/wp\/v2\/media?parent=53720"}],"wp:term":[{"taxonomy":"product_brand","embeddable":true,"href":"https:\/\/murter-online.com\/pl\/wp-json\/wp\/v2\/product_brand?post=53720"},{"taxonomy":"product_cat","embeddable":true,"href":"https:\/\/murter-online.com\/pl\/wp-json\/wp\/v2\/product_cat?post=53720"},{"taxonomy":"product_tag","embeddable":true,"href":"https:\/\/murter-online.com\/pl\/wp-json\/wp\/v2\/product_tag?post=53720"}],"curies":[{"name":"wp","href":"https:\/\/api.w.org\/{rel}","templated":true}]}}