{"id":53724,"date":"2025-01-06T15:13:19","date_gmt":"2025-01-06T15:13:19","guid":{"rendered":"https:\/\/murter.riot.hr\/?post_type=product&#038;p=53724"},"modified":"2025-03-28T17:09:02","modified_gmt":"2025-03-28T16:09:02","slug":"dom-rybacki-murter-cigrada-a22-id-201","status":"publish","type":"product","link":"https:\/\/murter-online.com\/pl\/produkt\/dom-rybacki-murter-cigrada-a22-id-201\/","title":{"rendered":"Dom Robinson v Murter \u010cigra\u0111a beach A2+2 ID 201"},"content":{"rendered":"","protected":false},"excerpt":{"rendered":"<p>Dom rybacki z pi\u0119knym widokiem na morze znajduje si\u0119 w doskona\u0142ej lokalizacji zaledwie 150 metr\u00f3w od morza. Dom rybaka z jedn\u0105 sypialni\u0105 wyposa\u017cony jest w panele s\u0142oneczne, z kt\u00f3rych mo\u017cna korzysta\u0107 z zasilania (mo\u017cna u\u017cywa\u0107 mniejszych urz\u0105dze\u0144). Woda jest dobra i czysta do k\u0105pieli (gor\u0105ce s\u0142o\u0144ce &#8211; nagrzewa si\u0119) &#8211; Swobodne sp\u0142ywanie ze zbiornika na wod\u0119, kt\u00f3ry jest nape\u0142niany r\u0119czn\u0105 lub elektryczn\u0105 pompk\u0105. Lod\u00f3wka i kuchenka s\u0105 na gaz. Prysznic ze zbiornika na wod\u0119 ogrzewanego s\u0142o\u0144cem. Wody jest wystarczaj\u0105co du\u017co, ale nale\u017cy z niej korzysta\u0107 racjonalnie. Dom rybaka wyposa\u017cony jest w telewizor. Dom Rybaka posiada \u0142azienk\u0119 z prysznicem. Tam jest salon. Powierzchnia mieszkalna wynosi 25 m2, a balkon\/taras 20 m2. W sypialni znajduje si\u0119 galeria, w kt\u00f3rej mog\u0105 spa\u0107 2 osoby na g\u0142\u00f3wnych \u0142\u00f3\u017ckach i 2 osoby na rozk\u0142adanej sofie w salonie. Dom rybaka znajduje si\u0119 na parterze. Zwierz\u0119ta s\u0105 akceptowane, cena za zwierz\u0119 wynosi 10 euro\/zwierz\u0119\/dzie\u0144. Dom Rybaka posiada w\u0142asne bezp\u0142atne miejsce parkingowe dla samochodu 20 metr\u00f3w od domu. Ceny dotycz\u0105 2 os\u00f3b, przy wi\u0119kszej liczbie os\u00f3b op\u0142ata dodatkowa 10 euro\/osoba\/dzie\u0144.<\/p>\n","protected":false},"featured_media":32484,"template":"","meta":{"_acf_changed":false},"product_brand":[],"product_cat":[151,158],"product_tag":[],"class_list":{"0":"post-53724","1":"product","2":"type-product","3":"status-publish","4":"has-post-thumbnail","6":"product_cat-apartamenty-z-widokiem-na-morze","7":"product_cat-domki-rybackie","9":"first","10":"instock","11":"sold-individually","12":"shipping-taxable","13":"purchasable","14":"product-type-phive_booking"},"acf":[],"_links":{"self":[{"href":"https:\/\/murter-online.com\/pl\/wp-json\/wp\/v2\/product\/53724","targetHints":{"allow":["GET"]}}],"collection":[{"href":"https:\/\/murter-online.com\/pl\/wp-json\/wp\/v2\/product"}],"about":[{"href":"https:\/\/murter-online.com\/pl\/wp-json\/wp\/v2\/types\/product"}],"wp:featuredmedia":[{"embeddable":true,"href":"https:\/\/murter-online.com\/pl\/wp-json\/wp\/v2\/media\/32484"}],"wp:attachment":[{"href":"https:\/\/murter-online.com\/pl\/wp-json\/wp\/v2\/media?parent=53724"}],"wp:term":[{"taxonomy":"product_brand","embeddable":true,"href":"https:\/\/murter-online.com\/pl\/wp-json\/wp\/v2\/product_brand?post=53724"},{"taxonomy":"product_cat","embeddable":true,"href":"https:\/\/murter-online.com\/pl\/wp-json\/wp\/v2\/product_cat?post=53724"},{"taxonomy":"product_tag","embeddable":true,"href":"https:\/\/murter-online.com\/pl\/wp-json\/wp\/v2\/product_tag?post=53724"}],"curies":[{"name":"wp","href":"https:\/\/api.w.org\/{rel}","templated":true}]}}