{"id":53729,"date":"2025-01-06T15:20:45","date_gmt":"2025-01-06T15:20:45","guid":{"rendered":"https:\/\/murter.riot.hr\/?post_type=product&#038;p=53729"},"modified":"2025-03-28T17:20:22","modified_gmt":"2025-03-28T16:20:22","slug":"dom-rybaka-murter-cigrada-zatoka-a2-1-id-61","status":"publish","type":"product","link":"https:\/\/murter-online.com\/pl\/produkt\/dom-rybaka-murter-cigrada-zatoka-a2-1-id-61\/","title":{"rendered":"Dom Robinson  Murter nad morzem \u010cigra\u0111a zatoka A2 + 1 ID 61"},"content":{"rendered":"","protected":false},"excerpt":{"rendered":"<p>Dom rybacki z pi\u0119knym widokiem na morze znajduje si\u0119 tylko w doskona\u0142ej lokalizacji 70m. od morza. Dom rybacki z jedn\u0105 sypialni\u0105 jest urz\u0105dzony w prosty spos\u00f3b, posiada p\u0142yt\u0119 solarn\u0105 pozwalaj\u0105c\u0105 uzyska\u0107 pr\u0105d 12 V. Domy rybackie maj\u0105 zbiorniki z wod\u0105 (jest wystarczaj\u0105co du\u017co wody, o ile si\u0119 jej racjonalnie u\u017cywa). KUCHNIA: Lod\u00f3wka i palnik s\u0105 na gaz. Prysznic jest ogrzewany energi\u0105 s\u0142oneczn\u0105. Parking znajduje si\u0119 w przedniej cz\u0119\u015bci domu w\u0142a\u015bciciela w Murter. Dom jest wyposa\u017cony w tv, BEZP\u0141ATNE po\u0142\u0105czenie internetowe Wi-Fi. Dom rybacki posiada \u0142azienk\u0119 z prysznicem. Jest pok\u00f3j dzienny, w kt\u00f3rym mo\u017cesz spa\u0107.. Powierzchnia mieszkalna ma 40 m2. a balkon \/ taras ma 30 m2. W domu mo\u017ce spa\u0107 2 os\u00f3b na g\u0142\u00f3wnych \u0142\u00f3\u017ckach a 2 osoby na rozk\u0142adanej sofie w salonie. Dom rybacki znajduje si\u0119 na parterze. Zwierz\u0119ta domowe &#8211; zgodnie z ustaleniami. Dom rybacki ma sw\u00f3j w\u0142asny bezp\u0142atny parking. Dom rybacki &#8211; robinson jest 2500m. daleko od centrum i oko\u0142o 40m. daleko od morza lub pierwszej pla\u017cy w Murter<\/p>\n","protected":false},"featured_media":32692,"template":"","meta":{"_acf_changed":false},"product_brand":[],"product_cat":[151,158],"product_tag":[],"class_list":{"0":"post-53729","1":"product","2":"type-product","3":"status-publish","4":"has-post-thumbnail","6":"product_cat-apartamenty-z-widokiem-na-morze","7":"product_cat-domki-rybackie","9":"first","10":"instock","11":"sold-individually","12":"shipping-taxable","13":"purchasable","14":"product-type-phive_booking"},"acf":[],"_links":{"self":[{"href":"https:\/\/murter-online.com\/pl\/wp-json\/wp\/v2\/product\/53729","targetHints":{"allow":["GET"]}}],"collection":[{"href":"https:\/\/murter-online.com\/pl\/wp-json\/wp\/v2\/product"}],"about":[{"href":"https:\/\/murter-online.com\/pl\/wp-json\/wp\/v2\/types\/product"}],"wp:featuredmedia":[{"embeddable":true,"href":"https:\/\/murter-online.com\/pl\/wp-json\/wp\/v2\/media\/32692"}],"wp:attachment":[{"href":"https:\/\/murter-online.com\/pl\/wp-json\/wp\/v2\/media?parent=53729"}],"wp:term":[{"taxonomy":"product_brand","embeddable":true,"href":"https:\/\/murter-online.com\/pl\/wp-json\/wp\/v2\/product_brand?post=53729"},{"taxonomy":"product_cat","embeddable":true,"href":"https:\/\/murter-online.com\/pl\/wp-json\/wp\/v2\/product_cat?post=53729"},{"taxonomy":"product_tag","embeddable":true,"href":"https:\/\/murter-online.com\/pl\/wp-json\/wp\/v2\/product_tag?post=53729"}],"curies":[{"name":"wp","href":"https:\/\/api.w.org\/{rel}","templated":true}]}}