{"id":53735,"date":"2025-01-06T18:46:06","date_gmt":"2025-01-06T18:46:06","guid":{"rendered":"https:\/\/murter.riot.hr\/?post_type=product&#038;p=53735"},"modified":"2025-03-28T17:34:44","modified_gmt":"2025-03-28T16:34:44","slug":"dom-rybacki-murter-wyspa-vinik-a2-2","status":"publish","type":"product","link":"https:\/\/murter-online.com\/pl\/produkt\/dom-rybacki-murter-wyspa-vinik-a2-2\/","title":{"rendered":"Dom Robinson Murter wyspa Vinik A2 + 2"},"content":{"rendered":"","protected":false},"excerpt":{"rendered":"<p>Dom rybaka z jedn\u0105 sypialni\u0105 wyposa\u017cony jest w panele s\u0142oneczne, z kt\u00f3rych mo\u017cna skorzysta\u0107 z zasilacza &#8211; mo\u017cna zastosowa\u0107 mniejsze urz\u0105dzenia. Woda ze zbiornika jest dobra i czysta do k\u0105pieli (ogrzewana gor\u0105cym s\u0142o\u0144cem). Lod\u00f3wka i kuchenka s\u0105 zasilane gazem. Jest wystarczaj\u0105co du\u017co wody, ale nale\u017cy j\u0105 racjonalnie wykorzystywa\u0107. Bezp\u0142atny parking znajduje si\u0119 przed domem w\u0142a\u015bciciela w Murter. Dom Rybaka wyposa\u017cony jest w telewizor, BEZP\u0141ATNE \u0142\u0105cze internetowe Wi-Fi. Dom Rybaka posiada \u0142azienk\u0119 z prysznicem. Jest pok\u00f3j dzienny, w kt\u00f3rym mo\u017cna spa\u0107. Powierzchnia mieszkalna wynosi 30 m2. a balkon \/ taras ma 15 m2. W Domu Rybaka mog\u0105 spa\u0107 2 osoby na g\u0142\u00f3wnych \u0142\u00f3\u017ckach i 2 osoby na rozk\u0142adanej sofie w salonie. Dom Rybaka znajduje si\u0119 na parterze. Zwierz\u0119ta dozwolone. Dom rybaka posiada w\u0142asny bezp\u0142atny parking. Jest otwarty grill.<\/p>\n","protected":false},"featured_media":33640,"template":"","meta":{"_acf_changed":false},"product_brand":[],"product_cat":[151,158],"product_tag":[],"class_list":{"0":"post-53735","1":"product","2":"type-product","3":"status-publish","4":"has-post-thumbnail","6":"product_cat-apartamenty-z-widokiem-na-morze","7":"product_cat-domki-rybackie","9":"first","10":"instock","11":"sold-individually","12":"shipping-taxable","13":"purchasable","14":"product-type-phive_booking"},"acf":[],"_links":{"self":[{"href":"https:\/\/murter-online.com\/pl\/wp-json\/wp\/v2\/product\/53735","targetHints":{"allow":["GET"]}}],"collection":[{"href":"https:\/\/murter-online.com\/pl\/wp-json\/wp\/v2\/product"}],"about":[{"href":"https:\/\/murter-online.com\/pl\/wp-json\/wp\/v2\/types\/product"}],"wp:featuredmedia":[{"embeddable":true,"href":"https:\/\/murter-online.com\/pl\/wp-json\/wp\/v2\/media\/33640"}],"wp:attachment":[{"href":"https:\/\/murter-online.com\/pl\/wp-json\/wp\/v2\/media?parent=53735"}],"wp:term":[{"taxonomy":"product_brand","embeddable":true,"href":"https:\/\/murter-online.com\/pl\/wp-json\/wp\/v2\/product_brand?post=53735"},{"taxonomy":"product_cat","embeddable":true,"href":"https:\/\/murter-online.com\/pl\/wp-json\/wp\/v2\/product_cat?post=53735"},{"taxonomy":"product_tag","embeddable":true,"href":"https:\/\/murter-online.com\/pl\/wp-json\/wp\/v2\/product_tag?post=53735"}],"curies":[{"name":"wp","href":"https:\/\/api.w.org\/{rel}","templated":true}]}}