{"id":53740,"date":"2025-01-06T18:52:34","date_gmt":"2025-01-06T18:52:34","guid":{"rendered":"https:\/\/murter.riot.hr\/?post_type=product&#038;p=53740"},"modified":"2025-03-28T19:26:21","modified_gmt":"2025-03-28T18:26:21","slug":"dom-rybaka-murter-a21-wyspa-zminjak","status":"publish","type":"product","link":"https:\/\/murter-online.com\/pl\/produkt\/dom-rybaka-murter-a21-wyspa-zminjak\/","title":{"rendered":"Dom robinson Murter nad morzem A2+1 &#8211; wyspa Zminjak"},"content":{"rendered":"","protected":false},"excerpt":{"rendered":"<div align=\"center\">\n<div class=\"max_width\" align=\"left\">\n<div>\n<div>Dom rybaka znajduje si\u0119 na wysepce Zminjak, w pobli\u017cu wyspy Murter. \u0141\u00f3d\u017a jest wliczona w cen\u0119 domu i mo\u017cna z niej korzysta\u0107 bezp\u0142atnie. Dom posiada jedn\u0105 sypialni\u0119 z podw\u00f3jnym \u0142\u00f3\u017ckiem. W domu znajduje si\u0119 pok\u00f3j dzienny, kt\u00f3ry mo\u017ce s\u0142u\u017cy\u0107 do spania. Dom wyposa\u017cony jest w lod\u00f3wk\u0119, kuchenk\u0119, naczynia do gotowania i jedzenia oraz radioodbiornik. W domu znajduje si\u0119 \u0142azienka z prysznicem i toalet\u0105. Rodzaj o\u015bwietlenia &#8211; energia s\u0142oneczna, pr\u0105d to 12V. Dom znajduje si\u0119 na parterze, wielko\u015b\u0107 tarasu to 15 metr\u00f3w kwadratowych. Dom posiada widok na morze. Zwierz\u0119ta s\u0105 akceptowane za dodatkow\u0105 op\u0142at\u0105. Parking jest zapewniony i bezp\u0142atny na wyspie Murter. Na zewn\u0105trz znajduje si\u0119 grill, z kt\u00f3rego mo\u017cna korzysta\u0107 bezp\u0142atnie. Woda jest z cysterny.<\/div>\n<\/div>\n<\/div>\n<\/div>\n<div align=\"center\"><\/div>\n","protected":false},"featured_media":33820,"template":"","meta":{"_acf_changed":false},"product_brand":[],"product_cat":[151,158],"product_tag":[],"class_list":{"0":"post-53740","1":"product","2":"type-product","3":"status-publish","4":"has-post-thumbnail","6":"product_cat-apartamenty-z-widokiem-na-morze","7":"product_cat-domki-rybackie","9":"first","10":"instock","11":"sold-individually","12":"shipping-taxable","13":"purchasable","14":"product-type-phive_booking"},"acf":[],"_links":{"self":[{"href":"https:\/\/murter-online.com\/pl\/wp-json\/wp\/v2\/product\/53740","targetHints":{"allow":["GET"]}}],"collection":[{"href":"https:\/\/murter-online.com\/pl\/wp-json\/wp\/v2\/product"}],"about":[{"href":"https:\/\/murter-online.com\/pl\/wp-json\/wp\/v2\/types\/product"}],"wp:featuredmedia":[{"embeddable":true,"href":"https:\/\/murter-online.com\/pl\/wp-json\/wp\/v2\/media\/33820"}],"wp:attachment":[{"href":"https:\/\/murter-online.com\/pl\/wp-json\/wp\/v2\/media?parent=53740"}],"wp:term":[{"taxonomy":"product_brand","embeddable":true,"href":"https:\/\/murter-online.com\/pl\/wp-json\/wp\/v2\/product_brand?post=53740"},{"taxonomy":"product_cat","embeddable":true,"href":"https:\/\/murter-online.com\/pl\/wp-json\/wp\/v2\/product_cat?post=53740"},{"taxonomy":"product_tag","embeddable":true,"href":"https:\/\/murter-online.com\/pl\/wp-json\/wp\/v2\/product_tag?post=53740"}],"curies":[{"name":"wp","href":"https:\/\/api.w.org\/{rel}","templated":true}]}}