{"id":53748,"date":"2025-01-06T19:01:58","date_gmt":"2025-01-06T19:01:58","guid":{"rendered":"https:\/\/murter.riot.hr\/?post_type=product&#038;p=53748"},"modified":"2025-03-28T20:12:21","modified_gmt":"2025-03-28T19:12:21","slug":"dom-rybaka-murter-podvrske-a4-id-95","status":"publish","type":"product","link":"https:\/\/murter-online.com\/pl\/produkt\/dom-rybaka-murter-podvrske-a4-id-95\/","title":{"rendered":"Dom rybaka nad morzem Murter Podvr\u0161ke A4 ID 95"},"content":{"rendered":"","protected":false},"excerpt":{"rendered":"<div align=\"center\">\n<div class=\"max_width\" align=\"left\">\n<div>\n<div>Dom Rybaka z pi\u0119knym widokiem na morze po\u0142o\u017cony jest w doskona\u0142ej lokalizacji zaledwie 50 metr\u00f3w od morza. Dom rybaka posiada panele s\u0142oneczne, z kt\u00f3rych pozyskuje si\u0119 pr\u0105d (mo\u017cna zastosowa\u0107 mniejsze urz\u0105dzenia). Znajduje si\u0119 w nim lod\u00f3wka i kuchenka gazowa. Woda jest dobra do k\u0105pieli (z kranu lub deszcz\u00f3wki), ogrzewana przez s\u0142o\u0144ce. Jest wystarczaj\u0105co du\u017co wody, je\u015bli jest u\u017cywana racjonalnie. Dom rybaka ma powierzchni\u0119 40 m2. W tym mieszkaniu mog\u0105 spa\u0107 4 osoby doros\u0142e. Brak salonu. Powierzchnia balkonu \/ tarasu to 30 m2. Do dyspozycji Go\u015bci jest \u0142azienka z prysznicem. Parking jest wliczony w cen\u0119. Dom rybaka znajduje si\u0119 oko\u0142o 1000 m od centrum i 50 m od morza lub pierwszej pla\u017cy na Murter. Zwierz\u0119ta s\u0105 akceptowane.<\/div>\n<\/div>\n<\/div>\n<\/div>\n<div align=\"center\"><\/div>\n","protected":false},"featured_media":34160,"template":"","meta":{"_acf_changed":false},"product_brand":[],"product_cat":[158,155],"product_tag":[],"class_list":{"0":"post-53748","1":"product","2":"type-product","3":"status-publish","4":"has-post-thumbnail","6":"product_cat-domki-rybackie","7":"product_cat-kawalerka","9":"first","10":"instock","11":"sold-individually","12":"shipping-taxable","13":"purchasable","14":"product-type-phive_booking"},"acf":[],"_links":{"self":[{"href":"https:\/\/murter-online.com\/pl\/wp-json\/wp\/v2\/product\/53748","targetHints":{"allow":["GET"]}}],"collection":[{"href":"https:\/\/murter-online.com\/pl\/wp-json\/wp\/v2\/product"}],"about":[{"href":"https:\/\/murter-online.com\/pl\/wp-json\/wp\/v2\/types\/product"}],"wp:featuredmedia":[{"embeddable":true,"href":"https:\/\/murter-online.com\/pl\/wp-json\/wp\/v2\/media\/34160"}],"wp:attachment":[{"href":"https:\/\/murter-online.com\/pl\/wp-json\/wp\/v2\/media?parent=53748"}],"wp:term":[{"taxonomy":"product_brand","embeddable":true,"href":"https:\/\/murter-online.com\/pl\/wp-json\/wp\/v2\/product_brand?post=53748"},{"taxonomy":"product_cat","embeddable":true,"href":"https:\/\/murter-online.com\/pl\/wp-json\/wp\/v2\/product_cat?post=53748"},{"taxonomy":"product_tag","embeddable":true,"href":"https:\/\/murter-online.com\/pl\/wp-json\/wp\/v2\/product_tag?post=53748"}],"curies":[{"name":"wp","href":"https:\/\/api.w.org\/{rel}","templated":true}]}}