{"id":54178,"date":"2025-02-11T11:10:08","date_gmt":"2025-02-11T10:10:08","guid":{"rendered":"https:\/\/murter-online.com\/?post_type=product&#038;p=54178"},"modified":"2025-03-28T19:41:49","modified_gmt":"2025-03-28T18:41:49","slug":"dom-lara-modarve-niedaleko-murter","status":"publish","type":"product","link":"https:\/\/murter-online.com\/pl\/produkt\/dom-lara-modarve-niedaleko-murter\/","title":{"rendered":"Dom Robinson nad morzem Murter Modrave &#8211; Lara A4"},"content":{"rendered":"","protected":false},"excerpt":{"rendered":"<pre id=\"tw-target-text\" class=\"tw-data-text tw-text-large tw-ta\" dir=\"ltr\" data-placeholder=\"Prijevod\" data-ved=\"2ahUKEwiYitmT7sKLAxVNhv0HHdSpLZEQ3ewLegQIBxAV\" aria-label=\"Prevedeni tekst: Sp\u0119d\u017a lato w pi\u0119knym domu w spokojnym miejscu \u2013 Modrave w Dalmacji! Nad morzem w spokoju sp\u0119dzisz wymarzone wakacje. Pi\u0119kny dom wakacyjny po\u0142o\u017cony jest w Modrave, zaledwie 150 metr\u00f3w od s\u0142ynnej restauracji La Spu\u017e, kt\u00f3ra oferuje szeroki wyb\u00f3r tradycyjnych specja\u0142\u00f3w kuchni dalmaty\u0144skiej. Gmina Pirovac oddalona jest o 6 kilometr\u00f3w, gdzie mo\u017cna znale\u017a\u0107 supermarket Plodine, poczt\u0119 chorwack\u0105, aptek\u0119 itp. Miasto Drage w kierunku Zadaru oddalone jest o 4 km. Mo\u017cna wybra\u0107 si\u0119 na jednodniow\u0105 wycieczk\u0119 samochodem do kilku park\u00f3w przyrody i park\u00f3w narodowych (Kornati, wodospady Krka, Paklenica, jezioro Vrana, Dinara, Velebit). Dom jest idealny dla rodziny pragn\u0105cej prywatno\u015bci i spokoju. 50 metr\u00f3w od domu znajduje si\u0119 pi\u0119kna pla\u017ca z krystalicznie czystym morzem. Je\u015bli wolisz pozosta\u0107 w domu, mo\u017cesz od\u015bwie\u017cy\u0107 si\u0119 w jacuzzi na \u015bwie\u017cym powietrzu. W domu znajduje si\u0119 r\u00f3wnie\u017c grill zewn\u0119trzny, na kt\u00f3rym codziennie mo\u017cna przygotowa\u0107 specja\u0142y rybne lub mi\u0119sne. Oferuje r\u00f3wnie\u017c wiejski k\u0105cik do odpoczynku, hu\u015btawki dla dzieci, le\u017caki i gara\u017c na samoch\u00f3d. Ca\u0142y obiekt jest wy\u0142\u0105cznie do Waszej dyspozycji, drodzy go\u015bcie. Wn\u0119trze domu jest w pe\u0142ni wyposa\u017cone. Zawiera telewizor, klimatyzacj\u0119, Wi-Fi, pralk\u0119, zmywark\u0119, czajnik, ekspres do kawy, kuchenk\u0119 gazow\u0105, lod\u00f3wk\u0119 i suszark\u0119 do w\u0142os\u00f3w. Posiada energi\u0119 s\u0142oneczn\u0105 220 V, 10 kW. Na ka\u017cdego go\u015bcia czeka powitalny drink. Zwierz\u0119ta s\u0105 mile widziane, bez dodatkowych op\u0142at.\"><span class=\"Y2IQFc\" lang=\"pl\">Sp\u0119d\u017a lato w pi\u0119knym domu w spokojnym miejscu \u2013 Modrave w Dalmacji!\r\nNad morzem w spokoju sp\u0119dzisz wymarzone wakacje. Pi\u0119kny dom wakacyjny po\u0142o\u017cony jest w Modrave, zaledwie 150 metr\u00f3w od s\u0142ynnej restauracji La Spu\u017e, kt\u00f3ra oferuje szeroki wyb\u00f3r tradycyjnych specja\u0142\u00f3w kuchni dalmaty\u0144skiej.\r\nGmina Pirovac oddalona jest o 6 kilometr\u00f3w, gdzie mo\u017cna znale\u017a\u0107 supermarket Plodine, poczt\u0119 chorwack\u0105, aptek\u0119 itp.\r\nMiasto Drage w kierunku Zadaru oddalone jest o 4 km.\r\nMo\u017cna wybra\u0107 si\u0119 na jednodniow\u0105 wycieczk\u0119 samochodem do kilku park\u00f3w przyrody i park\u00f3w narodowych (Kornati, wodospady Krka, Paklenica, jezioro Vrana, Dinara, Velebit).\r\n\r\nDom jest idealny dla rodziny pragn\u0105cej prywatno\u015bci i spokoju.\r\n\r\n50 metr\u00f3w od domu znajduje si\u0119 pi\u0119kna pla\u017ca z krystalicznie czystym morzem.\r\nJe\u015bli wolisz pozosta\u0107 w domu, mo\u017cesz od\u015bwie\u017cy\u0107 si\u0119 w jacuzzi na \u015bwie\u017cym powietrzu.\r\nW domu znajduje si\u0119 r\u00f3wnie\u017c grill zewn\u0119trzny, na kt\u00f3rym codziennie mo\u017cna przygotowa\u0107 specja\u0142y rybne lub mi\u0119sne.\r\nOferuje r\u00f3wnie\u017c wiejski k\u0105cik do odpoczynku, hu\u015btawki dla dzieci, le\u017caki i gara\u017c na samoch\u00f3d.\r\nCa\u0142y obiekt jest wy\u0142\u0105cznie do Waszej dyspozycji, drodzy go\u015bcie.\r\nWn\u0119trze domu jest w pe\u0142ni wyposa\u017cone.\r\nZawiera telewizor, klimatyzacj\u0119, Wi-Fi, pralk\u0119, zmywark\u0119, czajnik, ekspres do kawy, kuchenk\u0119 gazow\u0105, lod\u00f3wk\u0119 i suszark\u0119 do w\u0142os\u00f3w.\r\nPosiada energi\u0119 s\u0142oneczn\u0105 220 V, 10 kW.\r\nNa ka\u017cdego go\u015bcia czeka powitalny drink.\r\n\r\nZwierz\u0119ta s\u0105 mile widziane, bez dodatkowych op\u0142at.<\/span><\/pre>\n","protected":false},"featured_media":54072,"template":"","meta":{"_acf_changed":false},"product_brand":[],"product_cat":[153,152,158,157],"product_tag":[],"class_list":{"0":"post-54178","1":"product","2":"type-product","3":"status-publish","4":"has-post-thumbnail","6":"product_cat-apartamenty-dla-rodzin","7":"product_cat-apartamenty-z-basenem","8":"product_cat-domki-rybackie","9":"product_cat-domy-wakacyjne-wille","11":"first","12":"instock","13":"sold-individually","14":"shipping-taxable","15":"purchasable","16":"product-type-phive_booking"},"acf":[],"_links":{"self":[{"href":"https:\/\/murter-online.com\/pl\/wp-json\/wp\/v2\/product\/54178","targetHints":{"allow":["GET"]}}],"collection":[{"href":"https:\/\/murter-online.com\/pl\/wp-json\/wp\/v2\/product"}],"about":[{"href":"https:\/\/murter-online.com\/pl\/wp-json\/wp\/v2\/types\/product"}],"wp:featuredmedia":[{"embeddable":true,"href":"https:\/\/murter-online.com\/pl\/wp-json\/wp\/v2\/media\/54072"}],"wp:attachment":[{"href":"https:\/\/murter-online.com\/pl\/wp-json\/wp\/v2\/media?parent=54178"}],"wp:term":[{"taxonomy":"product_brand","embeddable":true,"href":"https:\/\/murter-online.com\/pl\/wp-json\/wp\/v2\/product_brand?post=54178"},{"taxonomy":"product_cat","embeddable":true,"href":"https:\/\/murter-online.com\/pl\/wp-json\/wp\/v2\/product_cat?post=54178"},{"taxonomy":"product_tag","embeddable":true,"href":"https:\/\/murter-online.com\/pl\/wp-json\/wp\/v2\/product_tag?post=54178"}],"curies":[{"name":"wp","href":"https:\/\/api.w.org\/{rel}","templated":true}]}}