{"id":54282,"date":"2025-02-16T16:40:16","date_gmt":"2025-02-16T15:40:16","guid":{"rendered":"https:\/\/murter-online.com\/?post_type=product&#038;p=54282"},"modified":"2025-04-13T09:41:33","modified_gmt":"2025-04-13T08:41:33","slug":"dom-ilinka-apartment-seaview-a4-id32-copy","status":"publish","type":"product","link":"https:\/\/murter-online.com\/pl\/produkt\/dom-ilinka-apartment-seaview-a4-id32-copy\/","title":{"rendered":"Apartament wakacyjny z widokiem na morze pla\u017ca Luke &#8211; wyspa Murter A4 ID32 (Copy)"},"content":{"rendered":"","protected":false},"excerpt":{"rendered":"<p>Mieszkanie znajduje si\u0119 w doskona\u0142ej pozycji. -W pobli\u017cu miejskiej pla\u017cy Luke. -Ma widok na morze. &#8211; Znajduje si\u0119 w cichej i spokojnej okolicy -Jest wyposa\u017cony w telewizor, klimatyzacj\u0119, bezp\u0142atne WiFi -Po\u015bciel i r\u0119czniki s\u0105 w mieszkaniu -Parking i sprz\u0105tanie ko\u0144cowe s\u0105 wliczone w cen\u0119.<\/p>\n","protected":false},"featured_media":45492,"template":"","meta":{"_acf_changed":false},"product_brand":[],"product_cat":[153,131,151],"product_tag":[],"class_list":{"0":"post-54282","1":"product","2":"type-product","3":"status-publish","4":"has-post-thumbnail","6":"product_cat-apartamenty-dla-rodzin","7":"product_cat-apartamenty","8":"product_cat-apartamenty-z-widokiem-na-morze","10":"first","11":"instock","12":"sold-individually","13":"shipping-taxable","14":"purchasable","15":"product-type-phive_booking"},"acf":[],"_links":{"self":[{"href":"https:\/\/murter-online.com\/pl\/wp-json\/wp\/v2\/product\/54282","targetHints":{"allow":["GET"]}}],"collection":[{"href":"https:\/\/murter-online.com\/pl\/wp-json\/wp\/v2\/product"}],"about":[{"href":"https:\/\/murter-online.com\/pl\/wp-json\/wp\/v2\/types\/product"}],"wp:featuredmedia":[{"embeddable":true,"href":"https:\/\/murter-online.com\/pl\/wp-json\/wp\/v2\/media\/45492"}],"wp:attachment":[{"href":"https:\/\/murter-online.com\/pl\/wp-json\/wp\/v2\/media?parent=54282"}],"wp:term":[{"taxonomy":"product_brand","embeddable":true,"href":"https:\/\/murter-online.com\/pl\/wp-json\/wp\/v2\/product_brand?post=54282"},{"taxonomy":"product_cat","embeddable":true,"href":"https:\/\/murter-online.com\/pl\/wp-json\/wp\/v2\/product_cat?post=54282"},{"taxonomy":"product_tag","embeddable":true,"href":"https:\/\/murter-online.com\/pl\/wp-json\/wp\/v2\/product_tag?post=54282"}],"curies":[{"name":"wp","href":"https:\/\/api.w.org\/{rel}","templated":true}]}}