{"id":54504,"date":"2025-02-22T08:30:02","date_gmt":"2025-02-22T07:30:02","guid":{"rendered":"https:\/\/murter-online.com\/?post_type=product&#038;p=54504"},"modified":"2025-04-03T17:17:15","modified_gmt":"2025-04-03T16:17:15","slug":"apartament-vlake-murter-slanica-a2-id-325","status":"publish","type":"product","link":"https:\/\/murter-online.com\/pl\/produkt\/apartament-vlake-murter-slanica-a2-id-325\/","title":{"rendered":"Apartament wakacyjne z widokiem na morze Murter Slanica A2 ID 325"},"content":{"rendered":"","protected":false},"excerpt":{"rendered":"<pre id=\"tw-target-text\" class=\"tw-data-text tw-text-large tw-ta\" dir=\"ltr\" data-placeholder=\"Prijevod\" data-ved=\"2ahUKEwiH2JST2taLAxWwKBAIHcNvIjUQ3ewLegQIBxAV\" aria-label=\"Prevedeni tekst: Pi\u0119kny apartament w Murter z widokiem na morze. Apartament znajduje si\u0119 nad najs\u0142ynniejsz\u0105 piaszczyst\u0105 pla\u017c\u0105 w Murter - Slanica i ma pi\u0119kny widok na morze na wyspach Kornati. Mieszkanie posiada klimatyzacj\u0119, WiFi, telewizj\u0119 satelitarn\u0105, w pe\u0142ni wyposa\u017con\u0105 kuchni\u0119. Apartament posiada bezp\u0142atny parking dla go\u015bci. Na \u015bwie\u017cym powietrzu dost\u0119pny jest grill, z kt\u00f3rego mo\u017cna korzysta\u0107 bezp\u0142atnie. Apartament posiada jedn\u0105 sypialni\u0119 dla 2 os\u00f3b, oddzielny salon, kuchni\u0119 i \u0142azienk\u0119.\"><span class=\"Y2IQFc\" lang=\"pl\">Pi\u0119kny apartament w Murter z widokiem na morze. Apartament znajduje si\u0119 nad najs\u0142ynniejsz\u0105 piaszczyst\u0105 pla\u017c\u0105 w Murter - Slanica i ma pi\u0119kny widok na morze na wyspach Kornati.\r\nMieszkanie posiada klimatyzacj\u0119, WiFi, telewizj\u0119 satelitarn\u0105, w pe\u0142ni wyposa\u017con\u0105 kuchni\u0119. Apartament posiada bezp\u0142atny parking dla go\u015bci. Na \u015bwie\u017cym powietrzu dost\u0119pny jest grill, z kt\u00f3rego mo\u017cna korzysta\u0107 bezp\u0142atnie. Apartament posiada jedn\u0105 sypialni\u0119 dla 2 os\u00f3b, oddzielny salon, kuchni\u0119 i \u0142azienk\u0119.<\/span><\/pre>\n","protected":false},"featured_media":54358,"template":"","meta":{"_acf_changed":false},"product_brand":[],"product_cat":[131,151],"product_tag":[],"class_list":{"0":"post-54504","1":"product","2":"type-product","3":"status-publish","4":"has-post-thumbnail","6":"product_cat-apartamenty","7":"product_cat-apartamenty-z-widokiem-na-morze","9":"first","10":"instock","11":"sold-individually","12":"shipping-taxable","13":"purchasable","14":"product-type-phive_booking"},"acf":[],"_links":{"self":[{"href":"https:\/\/murter-online.com\/pl\/wp-json\/wp\/v2\/product\/54504","targetHints":{"allow":["GET"]}}],"collection":[{"href":"https:\/\/murter-online.com\/pl\/wp-json\/wp\/v2\/product"}],"about":[{"href":"https:\/\/murter-online.com\/pl\/wp-json\/wp\/v2\/types\/product"}],"wp:featuredmedia":[{"embeddable":true,"href":"https:\/\/murter-online.com\/pl\/wp-json\/wp\/v2\/media\/54358"}],"wp:attachment":[{"href":"https:\/\/murter-online.com\/pl\/wp-json\/wp\/v2\/media?parent=54504"}],"wp:term":[{"taxonomy":"product_brand","embeddable":true,"href":"https:\/\/murter-online.com\/pl\/wp-json\/wp\/v2\/product_brand?post=54504"},{"taxonomy":"product_cat","embeddable":true,"href":"https:\/\/murter-online.com\/pl\/wp-json\/wp\/v2\/product_cat?post=54504"},{"taxonomy":"product_tag","embeddable":true,"href":"https:\/\/murter-online.com\/pl\/wp-json\/wp\/v2\/product_tag?post=54504"}],"curies":[{"name":"wp","href":"https:\/\/api.w.org\/{rel}","templated":true}]}}