{"id":56663,"date":"2025-01-03T15:15:04","date_gmt":"2025-01-03T15:15:04","guid":{"rendered":"https:\/\/murter-online.com\/?post_type=product&#038;p=56663"},"modified":"2025-04-26T07:35:59","modified_gmt":"2025-04-26T06:35:59","slug":"family-apartment-kornatska-summer-flower-murter-a41-id-116","status":"publish","type":"product","link":"https:\/\/murter-online.com\/pl\/produkt\/family-apartment-kornatska-summer-flower-murter-a41-id-116\/","title":{"rendered":"Apartament wakacyjny dla rodziny Kornatska Summer Flower Murter A4+1 ID 116"},"content":{"rendered":"","protected":false},"excerpt":{"rendered":"<p>Apartament po\u0142o\u017cony w dobrej lokalizacji, 350 m od morza. Mieszkanie jest wyposa\u017cone w telewizor, piekarnik, BEZP\u0141ATNY dost\u0119p do Internetu Wi-Fi. W apartamencie znajduje si\u0119 \u0142azienka z prysznicem. Znajduje si\u0119 w nim pok\u00f3j dzienny, kt\u00f3ry mo\u017cna wykorzysta\u0107 do spania. Powierzchnia mieszkalna wynosi 60 m2. a balkon\/taras ma powierzchni\u0119 30 m2. W apartamencie mog\u0105 spa\u0107 4 osoby na g\u0142\u00f3wnych \u0142\u00f3\u017ckach i 1 osoba na rozk\u0142adanej sofie w salonie. Mieszkanie znajduje si\u0119 na parterze. Zwierz\u0119ta &#8211; zgodnie z ustaleniami. Mieszkanie posiada w\u0142asny bezp\u0142atny parking. Jest otwarty grill. Mieszkanie ma 450m. daleko od centrum i oko\u0142o 350m. daleko od morza lub pierwszej pla\u017cy w Murter<\/p>\n<p>&nbsp;<\/p>\n","protected":false},"featured_media":22348,"template":"","meta":{"_acf_changed":false},"product_brand":[],"product_cat":[153,131],"product_tag":[],"class_list":{"0":"post-56663","1":"product","2":"type-product","3":"status-publish","4":"has-post-thumbnail","6":"product_cat-apartamenty-dla-rodzin","7":"product_cat-apartamenty","9":"first","10":"instock","11":"sold-individually","12":"shipping-taxable","13":"purchasable","14":"product-type-phive_booking"},"acf":[],"_links":{"self":[{"href":"https:\/\/murter-online.com\/pl\/wp-json\/wp\/v2\/product\/56663","targetHints":{"allow":["GET"]}}],"collection":[{"href":"https:\/\/murter-online.com\/pl\/wp-json\/wp\/v2\/product"}],"about":[{"href":"https:\/\/murter-online.com\/pl\/wp-json\/wp\/v2\/types\/product"}],"wp:featuredmedia":[{"embeddable":true,"href":"https:\/\/murter-online.com\/pl\/wp-json\/wp\/v2\/media\/22348"}],"wp:attachment":[{"href":"https:\/\/murter-online.com\/pl\/wp-json\/wp\/v2\/media?parent=56663"}],"wp:term":[{"taxonomy":"product_brand","embeddable":true,"href":"https:\/\/murter-online.com\/pl\/wp-json\/wp\/v2\/product_brand?post=56663"},{"taxonomy":"product_cat","embeddable":true,"href":"https:\/\/murter-online.com\/pl\/wp-json\/wp\/v2\/product_cat?post=56663"},{"taxonomy":"product_tag","embeddable":true,"href":"https:\/\/murter-online.com\/pl\/wp-json\/wp\/v2\/product_tag?post=56663"}],"curies":[{"name":"wp","href":"https:\/\/api.w.org\/{rel}","templated":true}]}}