{"id":60120,"date":"2025-12-28T11:39:03","date_gmt":"2025-12-28T10:39:03","guid":{"rendered":"https:\/\/murter-online.com\/?post_type=product&#038;p=60120"},"modified":"2025-12-28T18:39:16","modified_gmt":"2025-12-28T17:39:16","slug":"apartament-rodzinny-z-widokiem-na-morze-a41-podvrske-irena","status":"publish","type":"product","link":"https:\/\/murter-online.com\/pl\/produkt\/apartament-rodzinny-z-widokiem-na-morze-a41-podvrske-irena\/","title":{"rendered":"Apartament rodzinny z widokiem na morze A4+1 Podvr\u0161ke Irena"},"content":{"rendered":"","protected":false},"excerpt":{"rendered":"<p id=\"tw-target-text\" class=\"tw-data-text tw-text-large tw-ta\" dir=\"ltr\" tabindex=\"-1\" role=\"text\" data-placeholder=\"Prijevod\" data-ved=\"2ahUKEwia3OG75uCRAxVehf0HHcouGe0Q3ewLegQIDBAW\" aria-label=\"Prevedeni tekst: \u0141adne i nowe mieszkanie rodzinne z dwiema sypialniami znajduje si\u0119 w doskona\u0142ej lokalizacji. Bardzo blisko lokalnej pla\u017cy Luke i piaszczystej pla\u017cy Podvr\u0161ke. Ten apartament ma dwie sypialnie, w kt\u00f3rych mog\u0105 spa\u0107 4 osoby, jest pok\u00f3j dzienny z dodatkowym \u0142\u00f3\u017ckiem (sof\u0105), kt\u00f3re mo\u017cna wykorzysta\u0107 do spania. Apartament wyposa\u017cony jest w bezp\u0142atne WiFi, klimatyzacj\u0119, TV, bezp\u0142atne miejsce parkingowe, ekspres do kawy, czajnik. Parking znajduje si\u0119 przed domem i jest bezp\u0142atny.\"><span class=\"Y2IQFc\" lang=\"pl\">\u0141adne i nowe mieszkanie rodzinne z dwiema sypialniami znajduje si\u0119 w doskona\u0142ej lokalizacji. Bardzo blisko lokalnej pla\u017cy Luke i piaszczystej pla\u017cy Podvr\u0161ke. Ten apartament ma dwie sypialnie, w kt\u00f3rych mog\u0105 spa\u0107 4 osoby, jest pok\u00f3j dzienny z dodatkowym \u0142\u00f3\u017ckiem (sof\u0105), kt\u00f3re mo\u017cna wykorzysta\u0107 do spania. Apartament wyposa\u017cony jest w bezp\u0142atne WiFi, klimatyzacj\u0119, TV, bezp\u0142atne miejsce parkingowe, ekspres do kawy, czajnik. Parking znajduje si\u0119 przed domem i jest bezp\u0142atny.<\/span><\/p>\n","protected":false},"featured_media":60125,"template":"","meta":{"_acf_changed":false},"product_brand":[],"product_cat":[],"product_tag":[],"class_list":{"0":"post-60120","1":"product","2":"type-product","3":"status-publish","4":"has-post-thumbnail","7":"first","8":"instock","9":"sold-individually","10":"shipping-taxable","11":"purchasable","12":"product-type-phive_booking"},"acf":[],"_links":{"self":[{"href":"https:\/\/murter-online.com\/pl\/wp-json\/wp\/v2\/product\/60120","targetHints":{"allow":["GET"]}}],"collection":[{"href":"https:\/\/murter-online.com\/pl\/wp-json\/wp\/v2\/product"}],"about":[{"href":"https:\/\/murter-online.com\/pl\/wp-json\/wp\/v2\/types\/product"}],"wp:featuredmedia":[{"embeddable":true,"href":"https:\/\/murter-online.com\/pl\/wp-json\/wp\/v2\/media\/60125"}],"wp:attachment":[{"href":"https:\/\/murter-online.com\/pl\/wp-json\/wp\/v2\/media?parent=60120"}],"wp:term":[{"taxonomy":"product_brand","embeddable":true,"href":"https:\/\/murter-online.com\/pl\/wp-json\/wp\/v2\/product_brand?post=60120"},{"taxonomy":"product_cat","embeddable":true,"href":"https:\/\/murter-online.com\/pl\/wp-json\/wp\/v2\/product_cat?post=60120"},{"taxonomy":"product_tag","embeddable":true,"href":"https:\/\/murter-online.com\/pl\/wp-json\/wp\/v2\/product_tag?post=60120"}],"curies":[{"name":"wp","href":"https:\/\/api.w.org\/{rel}","templated":true}]}}