{"id":60424,"date":"2025-12-28T18:53:44","date_gmt":"2025-12-28T17:53:44","guid":{"rendered":"https:\/\/murter-online.com\/?post_type=product&#038;p=60424"},"modified":"2025-12-31T10:41:17","modified_gmt":"2025-12-31T09:41:17","slug":"kawalerka-z-widokiem-na-morze-a21-murter-podvrske-id-326","status":"publish","type":"product","link":"https:\/\/murter-online.com\/pl\/produkt\/kawalerka-z-widokiem-na-morze-a21-murter-podvrske-id-326\/","title":{"rendered":"Kawalerka z widokiem na morze A2+1 Murter Podvr\u0161ke ID 326"},"content":{"rendered":"","protected":false},"excerpt":{"rendered":"<p id=\"tw-target-text\" class=\"tw-data-text tw-text-large tw-ta\" dir=\"ltr\" tabindex=\"-1\" role=\"text\" data-placeholder=\"Prijevod\" data-ved=\"2ahUKEwiO-u-lueeRAxU64wIHHUf-EdQQ3ewLegQIDBAW\" aria-label=\"Prevedeni tekst: \u0141adny, nowoczesny apartament dla 2+1 os\u00f3b, po\u0142o\u017cony w doskona\u0142ej lokalizacji. Zaledwie 4 minuty od lokalnej pla\u017cy Luke i maksymalnie 7 minut pieszo od piaszczystej pla\u017cy Podvr\u0161ke. Apartament posiada jedn\u0105 sypialni\u0119, w kt\u00f3rej mog\u0105 spa\u0107 2 osoby oraz jedn\u0105 dodatkow\u0105 rozk\u0142adan\u0105 sof\u0119 w salonie, kt\u00f3ra mo\u017ce s\u0142u\u017cy\u0107 do spania. Ma\u0142a kuchnia jest w pe\u0142ni wyposa\u017cona w du\u017c\u0105 lod\u00f3wk\u0119. Internet Wi-Fi, klimatyzacja, po\u015bciel, r\u0119czniki i sprz\u0105tanie ko\u0144cowe wliczone s\u0105 w cen\u0119 apartamentu. Apartament posiada ma\u0142y balkon z widokiem na morze. Toaleta jest nowa i czysta. Przed domem znajduje si\u0119 miejsce parkingowe na podw\u00f3rzu.\"><span class=\"Y2IQFc\" lang=\"pl\">\u0141adny, nowoczesny apartament dla 2+1 os\u00f3b, po\u0142o\u017cony w doskona\u0142ej lokalizacji. Zaledwie 4 minuty od lokalnej pla\u017cy Luke i maksymalnie 7 minut pieszo od piaszczystej pla\u017cy Podvr\u0161ke. Apartament posiada jedn\u0105 sypialni\u0119, w kt\u00f3rej mog\u0105 spa\u0107 2 osoby oraz jedn\u0105 dodatkow\u0105 rozk\u0142adan\u0105 sof\u0119 w salonie, kt\u00f3ra mo\u017ce s\u0142u\u017cy\u0107 do spania. Ma\u0142a kuchnia jest w pe\u0142ni wyposa\u017cona w du\u017c\u0105 lod\u00f3wk\u0119. Internet Wi-Fi, klimatyzacja, po\u015bciel, r\u0119czniki i sprz\u0105tanie ko\u0144cowe wliczone s\u0105 w cen\u0119 apartamentu. Apartament posiada ma\u0142y balkon z widokiem na morze. Toaleta jest nowa i czysta. Przed domem znajduje si\u0119 miejsce parkingowe na podw\u00f3rzu.<\/span><\/p>\n","protected":false},"featured_media":60348,"template":"","meta":{"_acf_changed":false},"product_brand":[],"product_cat":[153,131,151,155],"product_tag":[],"class_list":{"0":"post-60424","1":"product","2":"type-product","3":"status-publish","4":"has-post-thumbnail","6":"product_cat-apartamenty-dla-rodzin","7":"product_cat-apartamenty","8":"product_cat-apartamenty-z-widokiem-na-morze","9":"product_cat-kawalerka","11":"first","12":"instock","13":"sold-individually","14":"shipping-taxable","15":"purchasable","16":"product-type-phive_booking"},"acf":[],"_links":{"self":[{"href":"https:\/\/murter-online.com\/pl\/wp-json\/wp\/v2\/product\/60424","targetHints":{"allow":["GET"]}}],"collection":[{"href":"https:\/\/murter-online.com\/pl\/wp-json\/wp\/v2\/product"}],"about":[{"href":"https:\/\/murter-online.com\/pl\/wp-json\/wp\/v2\/types\/product"}],"wp:featuredmedia":[{"embeddable":true,"href":"https:\/\/murter-online.com\/pl\/wp-json\/wp\/v2\/media\/60348"}],"wp:attachment":[{"href":"https:\/\/murter-online.com\/pl\/wp-json\/wp\/v2\/media?parent=60424"}],"wp:term":[{"taxonomy":"product_brand","embeddable":true,"href":"https:\/\/murter-online.com\/pl\/wp-json\/wp\/v2\/product_brand?post=60424"},{"taxonomy":"product_cat","embeddable":true,"href":"https:\/\/murter-online.com\/pl\/wp-json\/wp\/v2\/product_cat?post=60424"},{"taxonomy":"product_tag","embeddable":true,"href":"https:\/\/murter-online.com\/pl\/wp-json\/wp\/v2\/product_tag?post=60424"}],"curies":[{"name":"wp","href":"https:\/\/api.w.org\/{rel}","templated":true}]}}