{"id":60431,"date":"2025-12-31T10:51:30","date_gmt":"2025-12-31T09:51:30","guid":{"rendered":"https:\/\/murter-online.com\/?post_type=product&#038;p=60431"},"modified":"2025-12-31T11:07:56","modified_gmt":"2025-12-31T10:07:56","slug":"kawalerka-murter-podvrske-irena-a21-id-330","status":"publish","type":"product","link":"https:\/\/murter-online.com\/pl\/produkt\/kawalerka-murter-podvrske-irena-a21-id-330\/","title":{"rendered":"Kawalerka Murter Podvr\u0161ke Irena A2+1 id 330"},"content":{"rendered":"","protected":false},"excerpt":{"rendered":"<p>\u0141adny, nowoczesny apartament dla 2+1 os\u00f3b, po\u0142o\u017cony w doskona\u0142ej lokalizacji. Zaledwie 4 minuty od lokalnej pla\u017cy Luke i maksymalnie 7 minut pieszo od piaszczystej pla\u017cy Podvr\u0161ke. Apartament posiada jedn\u0105 sypialni\u0119, w kt\u00f3rej mog\u0105 spa\u0107 2 osoby oraz jedn\u0105 dodatkow\u0105 rozk\u0142adan\u0105 sof\u0119 w salonie, kt\u00f3ra mo\u017ce s\u0142u\u017cy\u0107 do spania. Ma\u0142a kuchnia jest w pe\u0142ni wyposa\u017cona w du\u017c\u0105 lod\u00f3wk\u0119. Internet Wi-Fi, klimatyzacja, po\u015bciel, r\u0119czniki i sprz\u0105tanie ko\u0144cowe wliczone s\u0105 w cen\u0119 apartamentu. Apartament posiada ma\u0142y balkon. Toaleta jest nowa i czysta. Przed domem znajduje si\u0119 miejsce parkingowe na podw\u00f3rzu.<\/p>\n","protected":false},"featured_media":60436,"template":"","meta":{"_acf_changed":false},"product_brand":[],"product_cat":[153,131,155],"product_tag":[],"class_list":{"0":"post-60431","1":"product","2":"type-product","3":"status-publish","4":"has-post-thumbnail","6":"product_cat-apartamenty-dla-rodzin","7":"product_cat-apartamenty","8":"product_cat-kawalerka","10":"first","11":"instock","12":"shipping-taxable","13":"purchasable","14":"product-type-simple"},"acf":[],"_links":{"self":[{"href":"https:\/\/murter-online.com\/pl\/wp-json\/wp\/v2\/product\/60431","targetHints":{"allow":["GET"]}}],"collection":[{"href":"https:\/\/murter-online.com\/pl\/wp-json\/wp\/v2\/product"}],"about":[{"href":"https:\/\/murter-online.com\/pl\/wp-json\/wp\/v2\/types\/product"}],"wp:featuredmedia":[{"embeddable":true,"href":"https:\/\/murter-online.com\/pl\/wp-json\/wp\/v2\/media\/60436"}],"wp:attachment":[{"href":"https:\/\/murter-online.com\/pl\/wp-json\/wp\/v2\/media?parent=60431"}],"wp:term":[{"taxonomy":"product_brand","embeddable":true,"href":"https:\/\/murter-online.com\/pl\/wp-json\/wp\/v2\/product_brand?post=60431"},{"taxonomy":"product_cat","embeddable":true,"href":"https:\/\/murter-online.com\/pl\/wp-json\/wp\/v2\/product_cat?post=60431"},{"taxonomy":"product_tag","embeddable":true,"href":"https:\/\/murter-online.com\/pl\/wp-json\/wp\/v2\/product_tag?post=60431"}],"curies":[{"name":"wp","href":"https:\/\/api.w.org\/{rel}","templated":true}]}}