{"id":60857,"date":"2026-01-02T20:38:19","date_gmt":"2026-01-02T19:38:19","guid":{"rendered":"https:\/\/murter-online.com\/?post_type=product&#038;p=60857"},"modified":"2026-01-02T21:22:28","modified_gmt":"2026-01-02T20:22:28","slug":"duzy-apartament-rodzinny-w-poblizu-plazy-slanica-w-murterze-a-62","status":"publish","type":"product","link":"https:\/\/murter-online.com\/pl\/produkt\/duzy-apartament-rodzinny-w-poblizu-plazy-slanica-w-murterze-a-62\/","title":{"rendered":"Du\u017cy apartament rodzinny w pobli\u017cu pla\u017cy Slanica w Murterze A 6+2"},"content":{"rendered":"","protected":false},"excerpt":{"rendered":"<p id=\"tw-target-text\" class=\"tw-data-text tw-text-large tw-ta\" dir=\"ltr\" tabindex=\"-1\" role=\"text\" data-placeholder=\"Prijevod\" data-ved=\"2ahUKEwjayOSjyO2RAxUt-QIHHWJzNIcQ3ewLegQIDBAW\" aria-label=\"Prevedeni tekst: Pi\u0119kny i przestronny apartament rodzinny, po\u0142o\u017cony w doskona\u0142ej lokalizacji, zaledwie 200 metr\u00f3w od najpopularniejszej piaszczystej pla\u017cy w Murterze - Slanica. Mieszkanie znajduje si\u0119 na pierwszym pi\u0119trze domu, posiada 3 du\u017ce sypialnie, w kt\u00f3rych mo\u017ce spa\u0107 6 doros\u0142ych os\u00f3b. W salonie znajduje si\u0119 dodatkowe \u0142\u00f3\u017cko (sofa), kt\u00f3re mo\u017cna wykorzysta\u0107 do spania. W apartamencie znajduje si\u0119 WiFi, telewizja satelitarna, zmywarka. Kuchnia jest w pe\u0142ni wyposa\u017cona. Mieszkanie posiada dwie \u0142azienki i dwa du\u017ce balkony. Przed domem znajduje si\u0119 bezp\u0142atny parking dla go\u015bci, kt\u00f3ry jest wliczony w cen\u0119. Do dyspozycji Go\u015bci s\u0105 pi\u0119kne meble ogrodowe z grillem, z kt\u00f3rych mo\u017cna korzysta\u0107 bezp\u0142atnie.\"><span class=\"Y2IQFc\" lang=\"pl\">Pi\u0119kny i przestronny apartament rodzinny, po\u0142o\u017cony w doskona\u0142ej lokalizacji, zaledwie 200 metr\u00f3w od najpopularniejszej piaszczystej pla\u017cy w Murterze &#8211; Slanica. Mieszkanie znajduje si\u0119 na pierwszym pi\u0119trze domu, posiada 3 du\u017ce sypialnie, w kt\u00f3rych mo\u017ce spa\u0107 6 doros\u0142ych os\u00f3b. W salonie znajduje si\u0119 dodatkowe \u0142\u00f3\u017cko (sofa), kt\u00f3re mo\u017cna wykorzysta\u0107 do spania. W apartamencie znajduje si\u0119 WiFi, telewizja satelitarna, zmywarka. Kuchnia jest w pe\u0142ni wyposa\u017cona. Mieszkanie posiada dwie \u0142azienki i dwa du\u017ce balkony. Przed domem znajduje si\u0119 bezp\u0142atny parking dla go\u015bci, kt\u00f3ry jest wliczony w cen\u0119. Do dyspozycji Go\u015bci s\u0105 pi\u0119kne meble ogrodowe z grillem, z kt\u00f3rych mo\u017cna korzysta\u0107 bezp\u0142atnie.<\/span><\/p>\n","protected":false},"featured_media":60676,"template":"","meta":{"_acf_changed":false},"product_brand":[],"product_cat":[153,131],"product_tag":[],"class_list":{"0":"post-60857","1":"product","2":"type-product","3":"status-publish","4":"has-post-thumbnail","6":"product_cat-apartamenty-dla-rodzin","7":"product_cat-apartamenty","9":"first","10":"instock","11":"sold-individually","12":"shipping-taxable","13":"purchasable","14":"product-type-phive_booking"},"acf":[],"_links":{"self":[{"href":"https:\/\/murter-online.com\/pl\/wp-json\/wp\/v2\/product\/60857","targetHints":{"allow":["GET"]}}],"collection":[{"href":"https:\/\/murter-online.com\/pl\/wp-json\/wp\/v2\/product"}],"about":[{"href":"https:\/\/murter-online.com\/pl\/wp-json\/wp\/v2\/types\/product"}],"wp:featuredmedia":[{"embeddable":true,"href":"https:\/\/murter-online.com\/pl\/wp-json\/wp\/v2\/media\/60676"}],"wp:attachment":[{"href":"https:\/\/murter-online.com\/pl\/wp-json\/wp\/v2\/media?parent=60857"}],"wp:term":[{"taxonomy":"product_brand","embeddable":true,"href":"https:\/\/murter-online.com\/pl\/wp-json\/wp\/v2\/product_brand?post=60857"},{"taxonomy":"product_cat","embeddable":true,"href":"https:\/\/murter-online.com\/pl\/wp-json\/wp\/v2\/product_cat?post=60857"},{"taxonomy":"product_tag","embeddable":true,"href":"https:\/\/murter-online.com\/pl\/wp-json\/wp\/v2\/product_tag?post=60857"}],"curies":[{"name":"wp","href":"https:\/\/api.w.org\/{rel}","templated":true}]}}