{"id":65087,"date":"2026-03-15T12:00:07","date_gmt":"2026-03-15T11:00:07","guid":{"rendered":"https:\/\/murter-online.com\/?post_type=product&#038;p=65087"},"modified":"2026-03-23T13:02:09","modified_gmt":"2026-03-23T12:02:09","slug":"apartament-dla-21-osob-ljubica-i-rudi-w-poblizu-plazy-slanica-id-329","status":"publish","type":"product","link":"https:\/\/murter-online.com\/pl\/produkt\/apartament-dla-21-osob-ljubica-i-rudi-w-poblizu-plazy-slanica-id-329\/","title":{"rendered":"Apartament dla 2+1 os\u00f3b Ljubica i Rudi w pobli\u017cu pla\u017cy Slanica id 329"},"content":{"rendered":"","protected":false},"excerpt":{"rendered":"<p id=\"tw-target-text\" class=\"tw-data-text tw-text-large tw-ta\" dir=\"ltr\" tabindex=\"-1\" role=\"text\" data-placeholder=\"Prijevod\" data-ved=\"2ahUKEwjfs4WR9rWTAxWv3wIHHQEoEGcQ3ewLegQIDBAW\" aria-label=\"Prevedeni tekst: \u0141adne, czyste i nowe mieszkanie dla max. 3 osoby po\u0142o\u017cone blisko piaszczystej pla\u017cy w Slanicy. Jest to apartament typu studio z kuchni\u0105 i \u0142azienk\u0105. Kuchnia jest w pe\u0142ni wyposa\u017cona. Klimatyzacja i korzystanie z Wi-Fi s\u0105 wliczone w cen\u0119 apartamentu. Mieszkanie zlokalizowane jest w spokojnej okolicy. Przed apartamentem znajduje si\u0119 taras z miejscami do siedzenia. Parking dla go\u015bci jest bezp\u0142atny i znajduje si\u0119 na podw\u00f3rzu domu. Do dyspozycji Go\u015bci jest tak\u017ce prysznic na \u015bwie\u017cym powietrzu i sprz\u0119t do grillowania, z kt\u00f3rych mo\u017cna korzysta\u0107 bezp\u0142atnie.\"><span class=\"Y2IQFc\" lang=\"pl\">\u0141adne, czyste i nowe mieszkanie dla max. 3 osoby po\u0142o\u017cone blisko piaszczystej pla\u017cy w Slanicy. Jest to apartament typu studio z kuchni\u0105 i \u0142azienk\u0105. Kuchnia jest w pe\u0142ni wyposa\u017cona. Klimatyzacja i korzystanie z Wi-Fi s\u0105 wliczone w cen\u0119 apartamentu. Mieszkanie zlokalizowane jest w spokojnej okolicy. Przed apartamentem znajduje si\u0119 taras z miejscami do siedzenia. Parking dla go\u015bci jest bezp\u0142atny i znajduje si\u0119 na podw\u00f3rzu domu. Do dyspozycji Go\u015bci jest tak\u017ce prysznic na \u015bwie\u017cym powietrzu i sprz\u0119t do grillowania, z kt\u00f3rych mo\u017cna korzysta\u0107 bezp\u0142atnie.<\/span><\/p>\n","protected":false},"featured_media":64830,"template":"","meta":{"_acf_changed":false},"product_brand":[],"product_cat":[153,131,155],"product_tag":[],"class_list":{"0":"post-65087","1":"product","2":"type-product","3":"status-publish","4":"has-post-thumbnail","6":"product_cat-apartamenty-dla-rodzin","7":"product_cat-apartamenty","8":"product_cat-kawalerka","10":"first","11":"instock","12":"sold-individually","13":"shipping-taxable","14":"purchasable","15":"product-type-phive_booking"},"acf":[],"_links":{"self":[{"href":"https:\/\/murter-online.com\/pl\/wp-json\/wp\/v2\/product\/65087","targetHints":{"allow":["GET"]}}],"collection":[{"href":"https:\/\/murter-online.com\/pl\/wp-json\/wp\/v2\/product"}],"about":[{"href":"https:\/\/murter-online.com\/pl\/wp-json\/wp\/v2\/types\/product"}],"wp:featuredmedia":[{"embeddable":true,"href":"https:\/\/murter-online.com\/pl\/wp-json\/wp\/v2\/media\/64830"}],"wp:attachment":[{"href":"https:\/\/murter-online.com\/pl\/wp-json\/wp\/v2\/media?parent=65087"}],"wp:term":[{"taxonomy":"product_brand","embeddable":true,"href":"https:\/\/murter-online.com\/pl\/wp-json\/wp\/v2\/product_brand?post=65087"},{"taxonomy":"product_cat","embeddable":true,"href":"https:\/\/murter-online.com\/pl\/wp-json\/wp\/v2\/product_cat?post=65087"},{"taxonomy":"product_tag","embeddable":true,"href":"https:\/\/murter-online.com\/pl\/wp-json\/wp\/v2\/product_tag?post=65087"}],"curies":[{"name":"wp","href":"https:\/\/api.w.org\/{rel}","templated":true}]}}