{"id":65679,"date":"2026-04-07T20:06:31","date_gmt":"2026-04-07T19:06:31","guid":{"rendered":"https:\/\/murter-online.com\/?post_type=product&#038;p=65679"},"modified":"2026-04-14T09:48:08","modified_gmt":"2026-04-14T08:48:08","slug":"apartment-soul-of-the-sea-near-sandy-slanica-beach-with-a-pool-and-sea-view-a41","status":"publish","type":"product","link":"https:\/\/murter-online.com\/pl\/produkt\/apartment-soul-of-the-sea-near-sandy-slanica-beach-with-a-pool-and-sea-view-a41\/","title":{"rendered":"Apartament Dusza Morza przy piaszczystej pla\u017cy Slanica z basenem i widokiem na morze A4+1"},"content":{"rendered":"","protected":false},"excerpt":{"rendered":"<p id=\"tw-target-text\" class=\"tw-data-text tw-text-large tw-ta\" dir=\"ltr\" tabindex=\"-1\" role=\"text\" data-placeholder=\"Prijevod\" data-ved=\"2ahUKEwjipqL1-OyTAxVG2AIHHZnvCPwQ3ewLegQIDBAV\" aria-label=\"Prevedeni tekst: Witamy w tym niedawno odnowionym apartamencie urz\u0105dzonym w ciep\u0142ym stylu \u015br\u00f3dziemnomorskim, idealnym na relaksuj\u0105cy pobyt przez ca\u0142y rok. Mieszkanie jest w pe\u0142ni wyposa\u017cone, aby zapewni\u0107 przyjemne i beztroskie wakacje. Wszystkie sypialnie i salon s\u0105 wyposa\u017cone w klimatyzacj\u0119, natomiast w zimnych porach roku dodatkowe ciep\u0142o i atmosfer\u0119 zapewnia kominek opalany drewnem. Cech\u0105 szczeg\u00f3ln\u0105 apartamentu jest pi\u0119kny taras z otwartym widokiem na morze i obie strony wyspy, idealny do delektowania si\u0119 porann\u0105 lub wieczorn\u0105 kaw\u0105 oraz spotka\u0144 towarzyskich. Znajduje si\u0119 zaledwie 300 metr\u00f3w od najatrakcyjniejszej pla\u017cy na wyspie (Slanica) i oko\u0142o 10 minut pieszo od centrum Murteru. Go\u015bcie maj\u0105 dost\u0119p do prywatnego basenu z podgrzewan\u0105 wod\u0105, dost\u0119pnego wy\u0142\u0105cznie dla nich (bez innych u\u017cytkownik\u00f3w) z zewn\u0119trznym tarasem, le\u017cakami, pergol\u0105 itp. (basen nie jest dost\u0119pny w okresie od 11.07. do 17.08.). Korzystanie z basenu i tarasu wok\u00f3\u0142 basenu z le\u017cakami, pergol\u0105 itp. b\u0119dzie obj\u0119te dodatkow\u0105 op\u0142at\u0105 w wysoko\u015bci 45 \u20ac dziennie dla go\u015bci, kt\u00f3rzy sobie tego \u017cycz\u0105, poniewa\u017c basen b\u0119dzie wy\u0142\u0105cznie do ich u\u017cytku (\u017cadnych innych u\u017cytkownik\u00f3w).\"><span class=\"Y2IQFc\" lang=\"pl\">Witamy w tym niedawno odnowionym apartamencie urz\u0105dzonym w ciep\u0142ym stylu \u015br\u00f3dziemnomorskim, idealnym na relaksuj\u0105cy pobyt przez ca\u0142y rok. Mieszkanie jest w pe\u0142ni wyposa\u017cone, aby zapewni\u0107 przyjemne i beztroskie wakacje. Wszystkie sypialnie i salon s\u0105 wyposa\u017cone w klimatyzacj\u0119, natomiast w zimnych porach roku dodatkowe ciep\u0142o i atmosfer\u0119 zapewnia kominek opalany drewnem. Cech\u0105 szczeg\u00f3ln\u0105 apartamentu jest pi\u0119kny taras z otwartym widokiem na morze i obie strony wyspy, idealny do delektowania si\u0119 porann\u0105 lub wieczorn\u0105 kaw\u0105 oraz spotka\u0144 towarzyskich. Znajduje si\u0119 zaledwie 300 metr\u00f3w od najatrakcyjniejszej pla\u017cy na wyspie (Slanica) i oko\u0142o 10 minut pieszo od centrum Murteru. Go\u015bcie maj\u0105 dost\u0119p do prywatnego basenu z podgrzewan\u0105 wod\u0105, dost\u0119pnego wy\u0142\u0105cznie dla nich (bez innych u\u017cytkownik\u00f3w) z zewn\u0119trznym tarasem, le\u017cakami, pergol\u0105 itp. (basen nie jest dost\u0119pny w okresie od 11.07. do 17.08.). Korzystanie z basenu i tarasu wok\u00f3\u0142 basenu z le\u017cakami, pergol\u0105 itp. b\u0119dzie obj\u0119te dodatkow\u0105 op\u0142at\u0105 w wysoko\u015bci 45 \u20ac dziennie dla go\u015bci, kt\u00f3rzy sobie tego \u017cycz\u0105, poniewa\u017c basen b\u0119dzie wy\u0142\u0105cznie do ich u\u017cytku (\u017cadnych innych u\u017cytkownik\u00f3w).<\/span><\/p>\n","protected":false},"featured_media":65460,"template":"","meta":{"_acf_changed":false},"product_brand":[],"product_cat":[153,131,152,151],"product_tag":[],"class_list":{"0":"post-65679","1":"product","2":"type-product","3":"status-publish","4":"has-post-thumbnail","6":"product_cat-apartamenty-dla-rodzin","7":"product_cat-apartamenty","8":"product_cat-apartamenty-z-basenem","9":"product_cat-apartamenty-z-widokiem-na-morze","11":"first","12":"instock","13":"sold-individually","14":"shipping-taxable","15":"purchasable","16":"product-type-phive_booking"},"acf":[],"_links":{"self":[{"href":"https:\/\/murter-online.com\/pl\/wp-json\/wp\/v2\/product\/65679","targetHints":{"allow":["GET"]}}],"collection":[{"href":"https:\/\/murter-online.com\/pl\/wp-json\/wp\/v2\/product"}],"about":[{"href":"https:\/\/murter-online.com\/pl\/wp-json\/wp\/v2\/types\/product"}],"wp:featuredmedia":[{"embeddable":true,"href":"https:\/\/murter-online.com\/pl\/wp-json\/wp\/v2\/media\/65460"}],"wp:attachment":[{"href":"https:\/\/murter-online.com\/pl\/wp-json\/wp\/v2\/media?parent=65679"}],"wp:term":[{"taxonomy":"product_brand","embeddable":true,"href":"https:\/\/murter-online.com\/pl\/wp-json\/wp\/v2\/product_brand?post=65679"},{"taxonomy":"product_cat","embeddable":true,"href":"https:\/\/murter-online.com\/pl\/wp-json\/wp\/v2\/product_cat?post=65679"},{"taxonomy":"product_tag","embeddable":true,"href":"https:\/\/murter-online.com\/pl\/wp-json\/wp\/v2\/product_tag?post=65679"}],"curies":[{"name":"wp","href":"https:\/\/api.w.org\/{rel}","templated":true}]}}